{"id":659,"date":"2010-01-24T16:18:44","date_gmt":"2010-01-24T14:18:44","guid":{"rendered":"http:\/\/www.ljud.si\/slo\/?page_id=659"},"modified":"2010-01-24T16:20:11","modified_gmt":"2010-01-24T14:20:11","slug":"superthat%e2%80%99s-great","status":"publish","type":"page","link":"https:\/\/www.ljud.si\/slo\/elektricne-invazije\/bolj-podrobno-o-invazijah\/395\/superthat%e2%80%99s-great\/","title":{"rendered":"<!--:sl-->Super!!<!--:--><!--:en-->That\u2019s great!! <!--:-->"},"content":{"rendered":"<p><!--:sl--><!-- \t \t --><\/p>\n<p><strong>ODPRTE VAJE potekajo vsako nedeljo od 18-ih do 21-ih v Menzi pri Koritu na Metelkovi. V primeru terminskih \u0161kratov vas bo o spremembah po SMS-u obve\u0161\u010dala Nika (\u010de \u017eelite prejemati obvestila, ji po\u0161ljite SMS s \u0161ifro &#8220;ljudov laboratorij&#8221; na 031 403 525 ali pa jo pokli\u010dite), za (ne)odgovornega vratarja Laboratorija progla\u0161amo Grego Mo\u010divnika (ki ga lahko vsako nedeljo stoje\u010d pred zaprtimi vrati Menze pokli\u010dete na 031 341 889).<\/strong><\/p>\n<p><strong>Kaj pravzaprav po\u010dnemo? Poleg osnov fizi\u010dnega gledali\u0161\u010da (po me\u0161anih metodah od Meyerholdove Biomehanike in italianske Commedie dell arte do japonskega Butoh-a in vzhodnja\u0161kih tehnik dihanja ter ozave\u0161\u010danja telesnih centrov), se mentorji in hkrati udele\u017eenci laboratorija, ki temelji na samoiniciativi in sodelovanju, &#8220;sproti&#8221; posve\u010damo tudi poenotenju pojmov in vzpostavitvi neformalnega dialoga o lastnem ustvarjalnem delu.<\/strong><\/p>\n<p><strong>Izvajanje gledali\u0161kih improvizacij in interakcij ter vaj za delo v skupini predstavlja poleg &#8220;iz\u010drpnega&#8221; ogrevanja in ob\u010dasnega, nenadejanega vznika kak\u0161nega novega ali starega notranjega \u010dudaka okvirni potek na\u0161ih vaj.<br \/>\nLjudi stavimo na odprtost in neformalnost prijavnega postopka kot tudi samega izvajanja raziskovalno-izobra\u017eevalnega programa po na\u010delu \u00bbbrez prisile\u00ab (znotraj zastavljenih terminov lahko vsi udele\u017eenci prihajate in odhajate, kadar vam ustreza:).<\/strong><\/p>\n<p><strong><span style=\"color: #ffffff;\">.<\/span><br \/>\nProsimo vas, da vabilo posredujete vsem zainteresiranim in Laboratorij ogla\u0161ujete tudi ustno \u010dimbolj \u00bbna \u0161iroko\u00ab.<\/strong><\/p>\n<p><strong><span style=\"color: #ffffff;\">.<\/span><br \/>\nVeselimo se va\u0161ega obiska in skupnega eksperimentiranja!<\/strong><\/p>\n<p><strong><span style=\"color: #ffffff;\">.<\/span><br \/>\nLjudi<\/strong><\/p>\n<p><strong><img decoding=\"async\" loading=\"lazy\" class=\"ngg-singlepic ngg-none\" src=\"https:\/\/www.ljud.si\/slo\/wp-content\/gallery\/elektricne-faki-dk\/dsc075361.jpg\" alt=\"                               \" width=\"630\" height=\"472\" \/><br \/>\n<\/strong><\/p>\n<p><!-- \t --> <!-- \t --><!--:--><!--:en--><strong><span lang=\"en-US\">OPEN REH<\/span><span lang=\"en-US\">EARSALS are held every Sunday from 6 pm until 21 pm in Menza pri Koritu in Metelkova. In case of schedule turbulence you will be informed through MSG by Nika (if you want to receive information just send an MSG with the codeword \u201cLjud&#8217;s Lab\u201d to 031 403 525 or just call her), the (un)responsible doorman of the Lab is Grega Mo\u010divnik (whom you can contact every Sunday while standing in front of the locked Menza doors on 031 341 889). <\/span><\/strong><\/p>\n<p><strong><span lang=\"en-US\">What are we actually doing? Well, we\u2019re exploring physical theater (a mixture of methods from Meyerhold&#8217;s Biomehanics and Commedie dell arte to Japanese Butoh, eastern techniques of breathing and awareness of body centers), meanwhile with the self initiative and cooperation of the lab&#8217;s mentors and participants we are shaping concepts about urban theatre, street interventions and establishing informal dialog about our creative work. <\/span><\/strong><\/p>\n<p><strong><span lang=\"en-US\">Exercises of theatrical improvisation, interactions and group awareness as well as \u201cexhausting\u201d warming up sessions (and occasionally waking up an inner freak or two) form the basis of our rehearsals.The Ljuds rely on openness and informal procedures of application and of participation without any long term obligations (within the timeframe of the rehearsals the participants can come in and go as they see fit).<\/span><\/strong><\/p>\n<p style=\"margin-bottom: 0cm;\" lang=\"en-US\"><strong><br \/>\n<\/strong><\/p>\n<p style=\"margin-bottom: 0cm;\"><strong><span lang=\"en-US\">We ask you to forward this invitation<\/span><span lang=\"en-US\"> to all potentially interested participants as well as advertise Lab in the old fashioned way (actually talking to people about it).<\/span><\/strong><\/p>\n<p style=\"margin-bottom: 0cm;\" lang=\"en-US\"><strong><span style=\"color: #ffffff;\">.<\/span><\/strong><\/p>\n<p style=\"margin-bottom: 0cm;\"><strong><span lang=\"en-US\">We are looking forward to experimenting together!<\/span><\/strong><\/p>\n<p style=\"margin-bottom: 0cm;\"><strong><span lang=\"en-US\"><span style=\"color: #ffffff;\">.<\/span><br \/>\n<\/span><\/strong><\/p>\n<p style=\"margin-bottom: 0cm;\" lang=\"en-US\"><strong><span lang=\"en-US\">The <\/span><span lang=\"en-US\">Ljuds <\/span><\/strong><\/p>\n<p><strong><img decoding=\"async\" loading=\"lazy\" class=\"ngg-singlepic ngg-none\" src=\"https:\/\/www.ljud.si\/slo\/wp-content\/gallery\/elektricne-faki-dk\/dsc075361.jpg\" alt=\"                               \" width=\"630\" height=\"472\" \/><\/strong><!--:--><\/p>\n","protected":false},"excerpt":{"rendered":"<p>ODPRTE VAJE potekajo vsako nedeljo od 18-ih do 21-ih v Menzi pri Koritu na Metelkovi. V&#8230;<\/p>\n","protected":false},"author":3,"featured_media":0,"parent":395,"menu_order":0,"comment_status":"closed","ping_status":"closed","template":"","meta":[],"_links":{"self":[{"href":"https:\/\/www.ljud.si\/slo\/wp-json\/wp\/v2\/pages\/659"}],"collection":[{"href":"https:\/\/www.ljud.si\/slo\/wp-json\/wp\/v2\/pages"}],"about":[{"href":"https:\/\/www.ljud.si\/slo\/wp-json\/wp\/v2\/types\/page"}],"author":[{"embeddable":true,"href":"https:\/\/www.ljud.si\/slo\/wp-json\/wp\/v2\/users\/3"}],"replies":[{"embeddable":true,"href":"https:\/\/www.ljud.si\/slo\/wp-json\/wp\/v2\/comments?post=659"}],"version-history":[{"count":24,"href":"https:\/\/www.ljud.si\/slo\/wp-json\/wp\/v2\/pages\/659\/revisions"}],"predecessor-version":[{"id":724,"href":"https:\/\/www.ljud.si\/slo\/wp-json\/wp\/v2\/pages\/659\/revisions\/724"}],"up":[{"embeddable":true,"href":"https:\/\/www.ljud.si\/slo\/wp-json\/wp\/v2\/pages\/395"}],"wp:attachment":[{"href":"https:\/\/www.ljud.si\/slo\/wp-json\/wp\/v2\/media?parent=659"}],"curies":[{"name":"wp","href":"https:\/\/api.w.org\/{rel}","templated":true}]}}