{"id":4560,"date":"2021-11-17T15:52:51","date_gmt":"2021-11-17T14:52:51","guid":{"rendered":"http:\/\/www.ljud.si\/slo\/?page_id=4560"},"modified":"2023-10-08T15:57:40","modified_gmt":"2023-10-08T13:57:40","slug":"placmars","status":"publish","type":"page","link":"https:\/\/www.ljud.si\/slo\/placmars\/","title":{"rendered":"PLACMA(R)\u0160"},"content":{"rendered":"<p><!--:sl--><br \/>\nLjud bo od septembra 2021 do konca avgusta 2022 v okviru projekta Evropska solidarnostna enota \u2013 sklop solidarnostni projekti v Zasavju izvajal projekt PLACMA(R)\u0160.<br \/>\nLjudova mentorja bosta s petimi mladimi izvajala delavnice fizi\u010dnega interaktivnega gledali\u0161\u010da in o\u017eivljala javni prostor v Zasavju z urbano artivisti\u010dnimi akcijami.<\/p>\n<h2><\/h2>\n<p><img decoding=\"async\" loading=\"lazy\" class=\"aligncenter size-large wp-image-4562\" src=\"https:\/\/www.ljud.si\/slo\/wp-content\/uploads\/2021\/11\/placmars_1_naslovna-1024x768.jpg\" alt=\"placmars_1_naslovna\" width=\"600\" height=\"450\" srcset=\"https:\/\/www.ljud.si\/slo\/wp-content\/uploads\/2021\/11\/placmars_1_naslovna-1024x768.jpg 1024w, https:\/\/www.ljud.si\/slo\/wp-content\/uploads\/2021\/11\/placmars_1_naslovna-150x112.jpg 150w, https:\/\/www.ljud.si\/slo\/wp-content\/uploads\/2021\/11\/placmars_1_naslovna-300x225.jpg 300w\" sizes=\"(max-width: 600px) 100vw, 600px\" \/><\/p>\n<h2><\/h2>\n<p>Posebna zahvala partnerju MC ZoS.<\/p>\n<h2><\/h2>\n<p><img decoding=\"async\" loading=\"lazy\" class=\"aligncenter size-full wp-image-4472\" src=\"https:\/\/www.ljud.si\/slo\/wp-content\/uploads\/2021\/11\/MOL-logotip-SLO_cmyk_mali_2-1.jpg\" alt=\"MOL logotip_barvni_mali_cmyk_2\" width=\"528\" height=\"103\" srcset=\"https:\/\/www.ljud.si\/slo\/wp-content\/uploads\/2021\/11\/MOL-logotip-SLO_cmyk_mali_2-1.jpg 528w, https:\/\/www.ljud.si\/slo\/wp-content\/uploads\/2021\/11\/MOL-logotip-SLO_cmyk_mali_2-1-150x29.jpg 150w, https:\/\/www.ljud.si\/slo\/wp-content\/uploads\/2021\/11\/MOL-logotip-SLO_cmyk_mali_2-1-300x58.jpg 300w\" sizes=\"(max-width: 528px) 100vw, 528px\" \/><br \/>\nIzvedba tega projekta je financirana s strani Evropske komisije. Vsebina publikacije (komunikacije) je izklju\u010dno odgovornost avtorja in v nobenem primeru ne predstavlja stali\u0161\u010d Evropske komisije.<\/p>\n<p><!--:--><!--:en--><br \/>\nFrom September 2021 till end od August 2022 Ljud is running a theatre solidarity project PLACMA(R)\u0160 as part of European Solidarity Corps.<br \/>\nLjud mentors will conduct workshops of Physical Interactive Theatre and revive public space in Zasavje region with urban \u2013 artivistic actions.<\/p>\n<h2><\/h2>\n<p><img decoding=\"async\" loading=\"lazy\" class=\"aligncenter size-large wp-image-4562\" src=\"https:\/\/www.ljud.si\/slo\/wp-content\/uploads\/2021\/11\/placmars_1_naslovna-1024x768.jpg\" alt=\"placmars_1_naslovna\" width=\"600\" height=\"450\" srcset=\"https:\/\/www.ljud.si\/slo\/wp-content\/uploads\/2021\/11\/placmars_1_naslovna-1024x768.jpg 1024w, https:\/\/www.ljud.si\/slo\/wp-content\/uploads\/2021\/11\/placmars_1_naslovna-150x112.jpg 150w, https:\/\/www.ljud.si\/slo\/wp-content\/uploads\/2021\/11\/placmars_1_naslovna-300x225.jpg 300w\" sizes=\"(max-width: 600px) 100vw, 600px\" \/><br \/>\nSpecial thanks to our partner MC ZoS.<\/p>\n<h2><\/h2>\n<p>Project is supported by the European Commission.<br \/>\n<img decoding=\"async\" loading=\"lazy\" class=\"aligncenter size-full wp-image-4472\" src=\"https:\/\/www.ljud.si\/slo\/wp-content\/uploads\/2021\/11\/MOL-logotip-SLO_cmyk_mali_2-1.jpg\" alt=\"MOL logotip_barvni_mali_cmyk_2\" width=\"528\" height=\"103\" srcset=\"https:\/\/www.ljud.si\/slo\/wp-content\/uploads\/2021\/11\/MOL-logotip-SLO_cmyk_mali_2-1.jpg 528w, https:\/\/www.ljud.si\/slo\/wp-content\/uploads\/2021\/11\/MOL-logotip-SLO_cmyk_mali_2-1-150x29.jpg 150w, https:\/\/www.ljud.si\/slo\/wp-content\/uploads\/2021\/11\/MOL-logotip-SLO_cmyk_mali_2-1-300x58.jpg 300w\" sizes=\"(max-width: 528px) 100vw, 528px\" \/><br \/>\n\u201cThe European Commission\u2019s support for the production of this publication does not constitute an endorsement of the contents, which reflect the views only of the authors, and the Commission cannot be held responsible for any use which may be made of the information contained therein.\u201c<\/p>\n<p><!--:--><!--:fr--><br \/>\nFrom September 2021 till end od August 2022 Ljud is running a theatre solidarity project PLACMA(R)\u0160 as part of European Solidarity Corps.<br \/>\nLjud mentors will conduct workshops of Physical Interactive Theatre and revive public space in Zasavje region with urban \u2013 artivistic actions.<\/p>\n<h2><\/h2>\n<p><img decoding=\"async\" loading=\"lazy\" class=\"aligncenter size-large wp-image-4562\" src=\"https:\/\/www.ljud.si\/slo\/wp-content\/uploads\/2021\/11\/placmars_1_naslovna-1024x768.jpg\" alt=\"placmars_1_naslovna\" width=\"600\" height=\"450\" srcset=\"https:\/\/www.ljud.si\/slo\/wp-content\/uploads\/2021\/11\/placmars_1_naslovna-1024x768.jpg 1024w, https:\/\/www.ljud.si\/slo\/wp-content\/uploads\/2021\/11\/placmars_1_naslovna-150x112.jpg 150w, https:\/\/www.ljud.si\/slo\/wp-content\/uploads\/2021\/11\/placmars_1_naslovna-300x225.jpg 300w\" sizes=\"(max-width: 600px) 100vw, 600px\" \/><br \/>\nSpecial thanks to our partner MC ZoS.<\/p>\n<h2><\/h2>\n<p>Project is supported by the European Commission.<br \/>\n<img decoding=\"async\" loading=\"lazy\" class=\"aligncenter size-full wp-image-4472\" src=\"https:\/\/www.ljud.si\/slo\/wp-content\/uploads\/2021\/11\/MOL-logotip-SLO_cmyk_mali_2-1.jpg\" alt=\"MOL logotip_barvni_mali_cmyk_2\" width=\"528\" height=\"103\" srcset=\"https:\/\/www.ljud.si\/slo\/wp-content\/uploads\/2021\/11\/MOL-logotip-SLO_cmyk_mali_2-1.jpg 528w, https:\/\/www.ljud.si\/slo\/wp-content\/uploads\/2021\/11\/MOL-logotip-SLO_cmyk_mali_2-1-150x29.jpg 150w, https:\/\/www.ljud.si\/slo\/wp-content\/uploads\/2021\/11\/MOL-logotip-SLO_cmyk_mali_2-1-300x58.jpg 300w\" sizes=\"(max-width: 528px) 100vw, 528px\" \/><br \/>\n\u201cThe European Commission\u2019s support for the production of this publication does not constitute an endorsement of the contents, which reflect the views only of the authors, and the Commission cannot be held responsible for any use which may be made of the information contained therein.\u201c<br \/>\n<!--:--><\/p>\n","protected":false},"excerpt":{"rendered":"<p>Ljud bo od septembra 2021 do konca avgusta 2022 v okviru projekta Evropska solidarnostna enota \u2013&#8230;<\/p>\n","protected":false},"author":3,"featured_media":0,"parent":0,"menu_order":0,"comment_status":"closed","ping_status":"closed","template":"","meta":[],"_links":{"self":[{"href":"https:\/\/www.ljud.si\/slo\/wp-json\/wp\/v2\/pages\/4560"}],"collection":[{"href":"https:\/\/www.ljud.si\/slo\/wp-json\/wp\/v2\/pages"}],"about":[{"href":"https:\/\/www.ljud.si\/slo\/wp-json\/wp\/v2\/types\/page"}],"author":[{"embeddable":true,"href":"https:\/\/www.ljud.si\/slo\/wp-json\/wp\/v2\/users\/3"}],"replies":[{"embeddable":true,"href":"https:\/\/www.ljud.si\/slo\/wp-json\/wp\/v2\/comments?post=4560"}],"version-history":[{"count":4,"href":"https:\/\/www.ljud.si\/slo\/wp-json\/wp\/v2\/pages\/4560\/revisions"}],"predecessor-version":[{"id":6197,"href":"https:\/\/www.ljud.si\/slo\/wp-json\/wp\/v2\/pages\/4560\/revisions\/6197"}],"wp:attachment":[{"href":"https:\/\/www.ljud.si\/slo\/wp-json\/wp\/v2\/media?parent=4560"}],"curies":[{"name":"wp","href":"https:\/\/api.w.org\/{rel}","templated":true}]}}