{"id":4530,"date":"2021-11-11T20:23:30","date_gmt":"2021-11-11T19:23:30","guid":{"rendered":"http:\/\/www.ljud.si\/slo\/?page_id=4530"},"modified":"2024-10-22T12:39:33","modified_gmt":"2024-10-22T10:39:33","slug":"kar-smo-bili","status":"publish","type":"page","link":"https:\/\/www.ljud.si\/slo\/kar-smo-bili\/","title":{"rendered":"KAR SMO (BILI)"},"content":{"rendered":"<p><!--:sl--><br \/>\nNova premiera!<\/p>\n<p><iframe loading=\"lazy\" title=\"YouTube video player\" src=\"https:\/\/www.youtube.com\/embed\/SNSrFPJujMY?controls=0\" width=\"560\" height=\"315\" frameborder=\"0\" allowfullscreen=\"allowfullscreen\"><\/iframe><\/p>\n<p>Kar smo (bili) je glasbeno-plesni dogodek, ki obuja rituale zdru\u017eevanja. Navdih \u010drpa v celono\u010dnih plesih, ki jih poganja hipnoti\u010dni techno. Ples v takih kontekstih ni zgolj neskon\u010dna hoja na mestu, ampak postane dru\u017ebeno dejanje, ki predpostavlja radikalno sprejemanje razli\u010dnosti. Kar smo (bili) je povabilo k vzpostavitvi skupnosti onkraj obstoje\u010dega jezika. Kar smo (bili) je poziv h gibalni osvoboditvi vseh prisotnih.<\/p>\n<p>Premiera: Poletna muzejska no\u010d \u2013 plo\u0161\u010dad pred MSUM, Ljubljana, 19. 6. 2021<\/p>\n<p>Ponovitve:<\/p>\n<p>Mednarodni festival Ana Desetnica, Ljubljana, 3. 7. 2021<\/p>\n<p>9. Ne-festival gledali\u0161\u010da zatiranih, Gornji Grad, 5. 8. 2021<\/p>\n<p>Mednarodni festival Ana Mraz, Maribor, 27. 12. 2021<\/p>\n<p>Street Musicians Festival, Srbija (Novi Sad), 27. 8. 2022<\/p>\n<p>Festival Pisana Loka, \u0160kofja Loka, 3. 9. 2023<\/p>\n<p>DJ: Teodor G.<br \/>\nPles: Nina Vombergar, Grega Mo\u010divnik in ostali<br \/>\nProdukcija: Kud Ljud, koproducent: MG+MSUM<br \/>\nTrajanje: 35 min<\/p>\n<p><!--:--><!--:en--><br \/>\nNew premiere!<\/p>\n<p><iframe loading=\"lazy\" title=\"YouTube video player\" src=\"https:\/\/www.youtube.com\/embed\/SNSrFPJujMY?controls=0\" width=\"560\" height=\"315\" frameborder=\"0\" allowfullscreen=\"allowfullscreen\"><\/iframe><\/p>\n<p>What we are (were) is a music-dance event evoking the rituals of coming together. It draws inspiration from all-night dancing driven by hypnotic techno music. In such a context dancing no longer means just endlessly walking on the spot, rather it turns into a social activity presupposing radical acceptance of all that is different. What we are (were) is an invitation to establish a community beyond the existing language. It is a call to free all who are present through movement.<\/p>\n<p>On the 19.th of June the new musical movement liberation What we are (were) was premiered in front of Museum of Contemporary Arts in Ljubljana.<\/p>\n<p>The \u00bbliberation\u00ab also happend at:<\/p>\n<p>Ana Desetnica Festival in Ljubljana (3 July 2021)<\/p>\n<p>Non-festival of Theatre of the Oppressed in Gornji Grad (5 August 2021)<\/p>\n<p>Ana Mraz International Festival\u00a0 in Maribor (27 December 2021)<\/p>\n<p>Street Musicians Festival in Novi Sad, Serbia (27 August 2022)<\/p>\n<p>Pisana Loka Festival, \u0160kofja Loka (3 September 2023)<\/p>\n<p>&nbsp;<\/p>\n<p>DJ: Teodor G.<br \/>\nDancers: Nina Vombergar, Grega Mo\u010divnik and others<br \/>\nProducer: Kud Ljud; Co-producer: MG+MSUM<br \/>\nLength: 35\u2019<\/p>\n<p>&nbsp;<\/p>\n","protected":false},"excerpt":{"rendered":"<p>Nova premiera! Kar smo (bili) je glasbeno-plesni dogodek, ki obuja rituale zdru\u017eevanja. Navdih \u010drpa v celono\u010dnih&#8230;<\/p>\n","protected":false},"author":3,"featured_media":0,"parent":0,"menu_order":0,"comment_status":"closed","ping_status":"closed","template":"","meta":[],"_links":{"self":[{"href":"https:\/\/www.ljud.si\/slo\/wp-json\/wp\/v2\/pages\/4530"}],"collection":[{"href":"https:\/\/www.ljud.si\/slo\/wp-json\/wp\/v2\/pages"}],"about":[{"href":"https:\/\/www.ljud.si\/slo\/wp-json\/wp\/v2\/types\/page"}],"author":[{"embeddable":true,"href":"https:\/\/www.ljud.si\/slo\/wp-json\/wp\/v2\/users\/3"}],"replies":[{"embeddable":true,"href":"https:\/\/www.ljud.si\/slo\/wp-json\/wp\/v2\/comments?post=4530"}],"version-history":[{"count":8,"href":"https:\/\/www.ljud.si\/slo\/wp-json\/wp\/v2\/pages\/4530\/revisions"}],"predecessor-version":[{"id":6285,"href":"https:\/\/www.ljud.si\/slo\/wp-json\/wp\/v2\/pages\/4530\/revisions\/6285"}],"wp:attachment":[{"href":"https:\/\/www.ljud.si\/slo\/wp-json\/wp\/v2\/media?parent=4530"}],"curies":[{"name":"wp","href":"https:\/\/api.w.org\/{rel}","templated":true}]}}