{"id":4404,"date":"2020-11-23T09:40:59","date_gmt":"2020-11-23T08:40:59","guid":{"rendered":"http:\/\/www.ljud.si\/slo\/?page_id=4404"},"modified":"2023-10-08T16:06:39","modified_gmt":"2023-10-08T14:06:39","slug":"kako-je-nastal-svet","status":"publish","type":"page","link":"https:\/\/www.ljud.si\/slo\/kako-je-nastal-svet\/","title":{"rendered":"KAKO JE NASTAL SVET?  \/ HOW THE WORLD CAME TO BE?"},"content":{"rendered":"<p><!--:sl--><br \/>\n<strong>Predstava za otroke od 7-15 let in vse ostale<\/strong><\/p>\n<h2><\/h2>\n<p><img decoding=\"async\" loading=\"lazy\" class=\"aligncenter size-large wp-image-4423\" src=\"https:\/\/www.ljud.si\/slo\/wp-content\/uploads\/2020\/11\/\u0161kuc_2-1024x682.jpg\" alt=\"\u0161kuc_2\" width=\"600\" height=\"400\" srcset=\"https:\/\/www.ljud.si\/slo\/wp-content\/uploads\/2020\/11\/\u0161kuc_2-1024x682.jpg 1024w, https:\/\/www.ljud.si\/slo\/wp-content\/uploads\/2020\/11\/\u0161kuc_2-150x100.jpg 150w, https:\/\/www.ljud.si\/slo\/wp-content\/uploads\/2020\/11\/\u0161kuc_2-300x200.jpg 300w\" sizes=\"(max-width: 600px) 100vw, 600px\" \/><\/p>\n<h2><\/h2>\n<h3><em>Ali kamen boli?<br \/>\nKam gre mavrica pono\u010di?<br \/>\nKako je nastal svet?<\/em><\/h3>\n<p>Otroci postavljajo sto in sto vpra\u0161anj, na katera ni mogo\u010de enozna\u010dno odgovoriti.<br \/>\nZato odrasli pripovedujemo zgodbe in z metaforami odgovarjamo tam, kjer ni mogo\u010de zadeti naravnost, z vsakdanjo govorico.<br \/>\nMiti na\u0161ih prednikov nam ponujajo svojevrstne odgovore, ne dogmati\u010dne ali dokon\u010dne, temve\u010d tak\u0161ne, ki kot poeti\u010dne zagonetke burio domi\u0161ljijo in porajajo nova vpra\u0161anja.<\/p>\n<p><img decoding=\"async\" loading=\"lazy\" class=\"aligncenter size-large wp-image-4424\" src=\"https:\/\/www.ljud.si\/slo\/wp-content\/uploads\/2020\/11\/tetka-zemlja_fotka-1-1024x682.jpg\" alt=\"tetka zemlja_fotka 1\" width=\"600\" height=\"400\" srcset=\"https:\/\/www.ljud.si\/slo\/wp-content\/uploads\/2020\/11\/tetka-zemlja_fotka-1-1024x682.jpg 1024w, https:\/\/www.ljud.si\/slo\/wp-content\/uploads\/2020\/11\/tetka-zemlja_fotka-1-150x100.jpg 150w, https:\/\/www.ljud.si\/slo\/wp-content\/uploads\/2020\/11\/tetka-zemlja_fotka-1-300x200.jpg 300w\" sizes=\"(max-width: 600px) 100vw, 600px\" \/><br \/>\n<img decoding=\"async\" loading=\"lazy\" class=\"aligncenter size-large wp-image-4422\" src=\"https:\/\/www.ljud.si\/slo\/wp-content\/uploads\/2020\/11\/\u0161kuc_1-1024x682.jpg\" alt=\"\u0161kuc_1\" width=\"600\" height=\"400\" srcset=\"https:\/\/www.ljud.si\/slo\/wp-content\/uploads\/2020\/11\/\u0161kuc_1-1024x682.jpg 1024w, https:\/\/www.ljud.si\/slo\/wp-content\/uploads\/2020\/11\/\u0161kuc_1-150x100.jpg 150w, https:\/\/www.ljud.si\/slo\/wp-content\/uploads\/2020\/11\/\u0161kuc_1-300x200.jpg 300w\" sizes=\"(max-width: 600px) 100vw, 600px\" \/><br \/>\nPredstava govori tako o nastanku kot tudi o koncu sveta, tako o pisanih izvornih mitih razli\u010dnih kultur kot o potencialu ekolo\u0161ke katastrofe, ki jo povzro\u010da sodobno \u010dlove\u0161tvo. Na pot skozi svetovno zakladnico zgodb nas bo popeljala Tetka Zemlja, ki pa je v zadnjih 100 letih hudo zbolela in potrebuje na\u0161o pomo\u010d.<\/p>\n<p>Re\u017eija: Vida Cerkvenik Bren<br \/>\nIgra: Grega Mo\u010divnik<br \/>\n\u017diva glasba: Thierno Diallo<br \/>\nVizualna podoba: Ur\u0161a Centner-France<br \/>\nDramatur\u0161ko svetovanje: Jurij Bobi\u010d<br \/>\nZamisel: sodelujo\u010di<br \/>\nProdukcija\/koprodukcija: Kud Ljud\/MG+MSUM<\/p>\n<p>Predstava je nastala s podporo MZK in MOL\/Urad za kulturo<br \/>\n<img decoding=\"async\" loading=\"lazy\" class=\"aligncenter size-large wp-image-4407\" src=\"https:\/\/www.ljud.si\/slo\/wp-content\/uploads\/2020\/11\/MOL-logotip-SLO_promocijski_cmyk_veliki_2-1024x163.jpg\" alt=\"MOL logotip_promocijski_barvni_veliki_cmyk_2\" width=\"600\" height=\"95\" srcset=\"https:\/\/www.ljud.si\/slo\/wp-content\/uploads\/2020\/11\/MOL-logotip-SLO_promocijski_cmyk_veliki_2-1024x163.jpg 1024w, https:\/\/www.ljud.si\/slo\/wp-content\/uploads\/2020\/11\/MOL-logotip-SLO_promocijski_cmyk_veliki_2-150x23.jpg 150w, https:\/\/www.ljud.si\/slo\/wp-content\/uploads\/2020\/11\/MOL-logotip-SLO_promocijski_cmyk_veliki_2-300x47.jpg 300w, https:\/\/www.ljud.si\/slo\/wp-content\/uploads\/2020\/11\/MOL-logotip-SLO_promocijski_cmyk_veliki_2.jpg 1236w\" sizes=\"(max-width: 600px) 100vw, 600px\" \/><\/p>\n<h2><\/h2>\n<p><strong><a href=\"https:\/\/www.ljud.si\/slo\/wp-content\/uploads\/2020\/11\/Kjns_pdf_o-predstavi.pdf\">PODROBNOSTI O PREDSTAVI&gt;&gt;&gt;<\/a><\/strong><\/p>\n<p><!--:--><!--:en--><br \/>\n<strong>Performance for children from 7-15 years and the all the others<\/strong><\/p>\n<h2><\/h2>\n<p><img decoding=\"async\" loading=\"lazy\" class=\"aligncenter size-large wp-image-4423\" src=\"https:\/\/www.ljud.si\/slo\/wp-content\/uploads\/2020\/11\/\u0161kuc_2-1024x682.jpg\" alt=\"\u0161kuc_2\" width=\"600\" height=\"400\" srcset=\"https:\/\/www.ljud.si\/slo\/wp-content\/uploads\/2020\/11\/\u0161kuc_2-1024x682.jpg 1024w, https:\/\/www.ljud.si\/slo\/wp-content\/uploads\/2020\/11\/\u0161kuc_2-150x100.jpg 150w, https:\/\/www.ljud.si\/slo\/wp-content\/uploads\/2020\/11\/\u0161kuc_2-300x200.jpg 300w\" sizes=\"(max-width: 600px) 100vw, 600px\" \/><\/p>\n<h2><\/h2>\n<h3><em>Does a stone hurt?<br \/>\nWhere does the rainbow go at night?<br \/>\nHow did the world come to be?<br \/>\n<\/em><\/h3>\n<p>Children ask hundreds of questions, that cannot be answered just in one way.<br \/>\nTherefore adults tell stories and use metaphore to answer where it is not possible to hit<br \/>\nStraight with everyday language. The myths of our ancestors offer peculiar answers, that are neither dogmatic nor final. More like poetic riddles they stir one&#8217;s imagination and rise new questions.<\/p>\n<h2><\/h2>\n<p><img decoding=\"async\" loading=\"lazy\" class=\"aligncenter size-large wp-image-4424\" src=\"https:\/\/www.ljud.si\/slo\/wp-content\/uploads\/2020\/11\/tetka-zemlja_fotka-1-1024x682.jpg\" alt=\"tetka zemlja_fotka 1\" width=\"600\" height=\"400\" srcset=\"https:\/\/www.ljud.si\/slo\/wp-content\/uploads\/2020\/11\/tetka-zemlja_fotka-1-1024x682.jpg 1024w, https:\/\/www.ljud.si\/slo\/wp-content\/uploads\/2020\/11\/tetka-zemlja_fotka-1-150x100.jpg 150w, https:\/\/www.ljud.si\/slo\/wp-content\/uploads\/2020\/11\/tetka-zemlja_fotka-1-300x200.jpg 300w\" sizes=\"(max-width: 600px) 100vw, 600px\" \/><br \/>\n<img decoding=\"async\" loading=\"lazy\" class=\"aligncenter size-large wp-image-4422\" src=\"https:\/\/www.ljud.si\/slo\/wp-content\/uploads\/2020\/11\/\u0161kuc_1-1024x682.jpg\" alt=\"\u0161kuc_1\" width=\"600\" height=\"400\" srcset=\"https:\/\/www.ljud.si\/slo\/wp-content\/uploads\/2020\/11\/\u0161kuc_1-1024x682.jpg 1024w, https:\/\/www.ljud.si\/slo\/wp-content\/uploads\/2020\/11\/\u0161kuc_1-150x100.jpg 150w, https:\/\/www.ljud.si\/slo\/wp-content\/uploads\/2020\/11\/\u0161kuc_1-300x200.jpg 300w\" sizes=\"(max-width: 600px) 100vw, 600px\" \/><br \/>\nThe performance tells the story both of the beginning and the end of the world, as well as od diverse myths of origin and the potential ecological catastrophe, that the modern human species causes today.<br \/>\nThe audience will be taken on the journey through the world&#8217;s treasury of the stories by Auntie Earth, who got pretty ill in the last 100 years and needs our help.<br \/>\nCome and help her too!<\/p>\n<p>Directed by: Vida Cerkvenik Bren<br \/>\nPerformed by: Grega Mo\u010divnik<br \/>\nLive music: Thierno Diallo<br \/>\nCostume design and scenography: Ur\u0161a Centner-France<br \/>\nDramaturgical consulting: Jurij Bobi\u010d<br \/>\nProducer: Kud Ljud<br \/>\nCo-producer: MG+MSUM<\/p>\n<p>The project came to being with financial support from the municipality Ljubljana and the Ministry of culture RS.<\/p>\n<p><img decoding=\"async\" loading=\"lazy\" class=\"aligncenter size-large wp-image-4407\" src=\"https:\/\/www.ljud.si\/slo\/wp-content\/uploads\/2020\/11\/MOL-logotip-SLO_promocijski_cmyk_veliki_2-1024x163.jpg\" alt=\"MOL logotip_promocijski_barvni_veliki_cmyk_2\" width=\"600\" height=\"95\" srcset=\"https:\/\/www.ljud.si\/slo\/wp-content\/uploads\/2020\/11\/MOL-logotip-SLO_promocijski_cmyk_veliki_2-1024x163.jpg 1024w, https:\/\/www.ljud.si\/slo\/wp-content\/uploads\/2020\/11\/MOL-logotip-SLO_promocijski_cmyk_veliki_2-150x23.jpg 150w, https:\/\/www.ljud.si\/slo\/wp-content\/uploads\/2020\/11\/MOL-logotip-SLO_promocijski_cmyk_veliki_2-300x47.jpg 300w, https:\/\/www.ljud.si\/slo\/wp-content\/uploads\/2020\/11\/MOL-logotip-SLO_promocijski_cmyk_veliki_2.jpg 1236w\" sizes=\"(max-width: 600px) 100vw, 600px\" \/><\/p>\n<h2><\/h2>\n<p><strong><a href=\"https:\/\/www.ljud.si\/slo\/wp-content\/uploads\/2020\/11\/Kjns_eng_final.pdf\">MORE ABOUT THE PERFORMANCE&gt;&gt;&gt;<\/a><\/strong><\/p>\n<p><!--:--><!--:fr--><br \/>\n<strong>Performance for children from 7-15 years and the all the others<\/strong><\/p>\n<h2><\/h2>\n<p><img decoding=\"async\" loading=\"lazy\" class=\"aligncenter size-large wp-image-4423\" src=\"https:\/\/www.ljud.si\/slo\/wp-content\/uploads\/2020\/11\/\u0161kuc_2-1024x682.jpg\" alt=\"\u0161kuc_2\" width=\"600\" height=\"400\" srcset=\"https:\/\/www.ljud.si\/slo\/wp-content\/uploads\/2020\/11\/\u0161kuc_2-1024x682.jpg 1024w, https:\/\/www.ljud.si\/slo\/wp-content\/uploads\/2020\/11\/\u0161kuc_2-150x100.jpg 150w, https:\/\/www.ljud.si\/slo\/wp-content\/uploads\/2020\/11\/\u0161kuc_2-300x200.jpg 300w\" sizes=\"(max-width: 600px) 100vw, 600px\" \/><\/p>\n<h2><\/h2>\n<h3><em>Does a stone hurt?<br \/>\nWhere does the rainbow go at night?<br \/>\nHow did the world come to be?<br \/>\n<\/em><\/h3>\n<p>Children ask hundreds of questions, that cannot be answered just in one way.<br \/>\nTherefore adults tell stories and use metaphore to answer where it is not possible to hit<br \/>\nStraight with everyday language. The myths of our ancestors offer peculiar answers, that are neither dogmatic nor final. More like poetic riddles they stir one&#8217;s imagination and rise new questions.<\/p>\n<h2><\/h2>\n<p><img decoding=\"async\" loading=\"lazy\" class=\"aligncenter size-large wp-image-4424\" src=\"https:\/\/www.ljud.si\/slo\/wp-content\/uploads\/2020\/11\/tetka-zemlja_fotka-1-1024x682.jpg\" alt=\"tetka zemlja_fotka 1\" width=\"600\" height=\"400\" srcset=\"https:\/\/www.ljud.si\/slo\/wp-content\/uploads\/2020\/11\/tetka-zemlja_fotka-1-1024x682.jpg 1024w, https:\/\/www.ljud.si\/slo\/wp-content\/uploads\/2020\/11\/tetka-zemlja_fotka-1-150x100.jpg 150w, https:\/\/www.ljud.si\/slo\/wp-content\/uploads\/2020\/11\/tetka-zemlja_fotka-1-300x200.jpg 300w\" sizes=\"(max-width: 600px) 100vw, 600px\" \/><br \/>\n<img decoding=\"async\" loading=\"lazy\" class=\"aligncenter size-large wp-image-4422\" src=\"https:\/\/www.ljud.si\/slo\/wp-content\/uploads\/2020\/11\/\u0161kuc_1-1024x682.jpg\" alt=\"\u0161kuc_1\" width=\"600\" height=\"400\" srcset=\"https:\/\/www.ljud.si\/slo\/wp-content\/uploads\/2020\/11\/\u0161kuc_1-1024x682.jpg 1024w, https:\/\/www.ljud.si\/slo\/wp-content\/uploads\/2020\/11\/\u0161kuc_1-150x100.jpg 150w, https:\/\/www.ljud.si\/slo\/wp-content\/uploads\/2020\/11\/\u0161kuc_1-300x200.jpg 300w\" sizes=\"(max-width: 600px) 100vw, 600px\" \/><br \/>\nThe performance tells the story both of the beginning and the end of the world, as well as od diverse myths of origin and the potential ecological catastrophe, that the modern human species causes today.<br \/>\nThe audience will be taken on the journey through the world&#8217;s treasury of the stories by Auntie Earth, who got pretty ill in the last 100 years and needs our help.<br \/>\nCome and help her too!<\/p>\n<p>Directed by: Vida Cerkvenik Bren<br \/>\nPerformed by: Grega Mo\u010divnik<br \/>\nLive music: Thierno Diallo<br \/>\nCostume design and scenography: Ur\u0161a Centner-France<br \/>\nDramaturgical consulting: Jurij Bobi\u010d<br \/>\nProducer: Kud Ljud<br \/>\nCo-producer: MG+MSUM<\/p>\n<p>The project came to being with financial support from the municipality Ljubljana and the Ministry of culture RS.<\/p>\n<p><img decoding=\"async\" loading=\"lazy\" class=\"aligncenter size-large wp-image-4407\" src=\"https:\/\/www.ljud.si\/slo\/wp-content\/uploads\/2020\/11\/MOL-logotip-SLO_promocijski_cmyk_veliki_2-1024x163.jpg\" alt=\"MOL logotip_promocijski_barvni_veliki_cmyk_2\" width=\"600\" height=\"95\" srcset=\"https:\/\/www.ljud.si\/slo\/wp-content\/uploads\/2020\/11\/MOL-logotip-SLO_promocijski_cmyk_veliki_2-1024x163.jpg 1024w, https:\/\/www.ljud.si\/slo\/wp-content\/uploads\/2020\/11\/MOL-logotip-SLO_promocijski_cmyk_veliki_2-150x23.jpg 150w, https:\/\/www.ljud.si\/slo\/wp-content\/uploads\/2020\/11\/MOL-logotip-SLO_promocijski_cmyk_veliki_2-300x47.jpg 300w, https:\/\/www.ljud.si\/slo\/wp-content\/uploads\/2020\/11\/MOL-logotip-SLO_promocijski_cmyk_veliki_2.jpg 1236w\" sizes=\"(max-width: 600px) 100vw, 600px\" \/><\/p>\n<h2><\/h2>\n<p><strong><a href=\"https:\/\/www.ljud.si\/slo\/wp-content\/uploads\/2020\/11\/Kjns_eng_final.pdf\">MORE ABOUT THE PERFORMANCE&gt;&gt;&gt;<\/a><\/strong><br \/>\n<!--:--><\/p>\n","protected":false},"excerpt":{"rendered":"<p>Predstava za otroke od 7-15 let in vse ostale Ali kamen boli? Kam gre mavrica pono\u010di?&#8230;<\/p>\n","protected":false},"author":3,"featured_media":0,"parent":0,"menu_order":0,"comment_status":"closed","ping_status":"closed","template":"","meta":[],"_links":{"self":[{"href":"https:\/\/www.ljud.si\/slo\/wp-json\/wp\/v2\/pages\/4404"}],"collection":[{"href":"https:\/\/www.ljud.si\/slo\/wp-json\/wp\/v2\/pages"}],"about":[{"href":"https:\/\/www.ljud.si\/slo\/wp-json\/wp\/v2\/types\/page"}],"author":[{"embeddable":true,"href":"https:\/\/www.ljud.si\/slo\/wp-json\/wp\/v2\/users\/3"}],"replies":[{"embeddable":true,"href":"https:\/\/www.ljud.si\/slo\/wp-json\/wp\/v2\/comments?post=4404"}],"version-history":[{"count":14,"href":"https:\/\/www.ljud.si\/slo\/wp-json\/wp\/v2\/pages\/4404\/revisions"}],"predecessor-version":[{"id":6201,"href":"https:\/\/www.ljud.si\/slo\/wp-json\/wp\/v2\/pages\/4404\/revisions\/6201"}],"wp:attachment":[{"href":"https:\/\/www.ljud.si\/slo\/wp-json\/wp\/v2\/media?parent=4404"}],"curies":[{"name":"wp","href":"https:\/\/api.w.org\/{rel}","templated":true}]}}