{"id":4356,"date":"2020-10-24T10:09:03","date_gmt":"2020-10-24T08:09:03","guid":{"rendered":"http:\/\/www.ljud.si\/slo\/?page_id=4356"},"modified":"2023-10-08T16:07:28","modified_gmt":"2023-10-08T14:07:28","slug":"ambasadi-dialog-dveh-evropskih-sosesk","status":"publish","type":"page","link":"https:\/\/www.ljud.si\/slo\/ambasadi-dialog-dveh-evropskih-sosesk\/","title":{"rendered":"AMBASADI \u2013 dialog dveh evropskih sosesk \/ EMBASSIES \u2013 dialogue of two european neighborhoods"},"content":{"rendered":"<p><!--:sl--><br \/>\nV letu 2021 smo nadaljevali z ve\u010dletnim projektom (ki bo vrhunec dosegel leta 2025) AMBASADI \u2013<br \/>\ndialog dveh evropskih sosesk (Namizno gledali\u0161\u010de).<br \/>\nV soseski BS 7 smo (med 1. in 3. oktobrom) s prebivalci BS 7 izvedli 6 prizorov namiznega gledali\u0161\u010da<br \/>\nin nedeljski kreativni piknik s solo koncertom, otro\u0161ko predstavo, cirku\u0161kimi delavnicami, peko<br \/>\npala\u010dink, bureka itd&#8230;<\/p>\n<p>Bilo je prekrasno, se \u017ee veselimo leta 2022!<\/p>\n<p>Spodaj nekaj utrinkov iz leto\u0161njih in lanskoletnih dogodkov.<\/p>\n<h2><\/h2>\n<p>Prispevek o dogodku na <a href=\"https:\/\/4d.rtvslo.si\/arhiv\/val-202\/174811554\">Valu 202<\/a>.<\/p>\n<h2><\/h2>\n<p><br \/>\n<iframe loading=\"lazy\" src=\"https:\/\/www.youtube.com\/embed\/00RsUp-1Tgk\" width=\"560\" height=\"315\" frameborder=\"0\" allowfullscreen=\"allowfullscreen\"><\/iframe><br \/>\n<iframe loading=\"lazy\" src=\"https:\/\/www.youtube.com\/embed\/42mxAL1zlDY\" width=\"560\" height=\"315\" frameborder=\"0\" allowfullscreen=\"allowfullscreen\"><\/iframe><\/p>\n<h2><\/h2>\n<p>Za sodelovanje se zahvaljujemo Slovenskemu mladinskemu gledali\u0161\u010du (SMG), Alenki Kre\u010d Bricelj (Kulturno \u2013 ekolo\u0161ko dru\u0161tvo Smetumet) in prebivalcem BS7.<br \/>\n<img decoding=\"async\" loading=\"lazy\" class=\"aligncenter size-full wp-image-4499\" src=\"https:\/\/www.ljud.si\/slo\/wp-content\/uploads\/2021\/11\/bufeto-smg-smetumet-mol.jpg\" alt=\"MOL logotip_barvni_mali_cmyk_2\" width=\"400\" height=\"178\" srcset=\"https:\/\/www.ljud.si\/slo\/wp-content\/uploads\/2021\/11\/bufeto-smg-smetumet-mol.jpg 528w, https:\/\/www.ljud.si\/slo\/wp-content\/uploads\/2021\/11\/bufeto-smg-smetumet-mol-150x67.jpg 150w, https:\/\/www.ljud.si\/slo\/wp-content\/uploads\/2021\/11\/bufeto-smg-smetumet-mol-300x134.jpg 300w\" sizes=\"(max-width: 400px) 100vw, 400px\" \/><\/p>\n<p><!--:--><!--:en--><br \/>\nIn 2021, we continued our long-term project (culminating in 2025) EMBASSIES &#8211; a dialogue between<br \/>\ntwo European neighborhoods (Table Theatre).<br \/>\nWith a help of the residents of the neighborhood BS 7 we carried out 6 scenes of the Table theatre<br \/>\nand a Sunday Creative picnic with a solo concert, children performance, circus workshops, making<br \/>\npancakes, burek&#8230;<\/p>\n<p>It was wonderful, we are already looking forward to 2022!<\/p>\n<p>Here are some highlights from this year&#8217;s and last year&#8217;s events.<\/p>\n<h2><\/h2>\n<p>Press article from the National Radio can be found <a href=\"https:\/\/4d.rtvslo.si\/arhiv\/val-202\/174811554\">here<\/a>.<\/p>\n<h2><\/h2>\n<p><br \/>\n<iframe loading=\"lazy\" src=\"https:\/\/www.youtube.com\/embed\/00RsUp-1Tgk\" width=\"560\" height=\"315\" frameborder=\"0\" allowfullscreen=\"allowfullscreen\"><\/iframe><br \/>\n<iframe loading=\"lazy\" src=\"https:\/\/www.youtube.com\/embed\/42mxAL1zlDY\" width=\"560\" height=\"315\" frameborder=\"0\" allowfullscreen=\"allowfullscreen\"><\/iframe><\/p>\n<h2><\/h2>\n<h2><\/h2>\n<p>We wish to thank our partner Slovensko mladinsko gledlai\u0161\u010de (SMG), Alenka Kre\u010d Bricelj(Kulturno \u2013 ekolo\u0161ko dru\u0161tvo Smetumet) and inhabitants of BS7.<br \/>\n<img decoding=\"async\" loading=\"lazy\" class=\"aligncenter size-full wp-image-4499\" src=\"https:\/\/www.ljud.si\/slo\/wp-content\/uploads\/2021\/11\/bufeto-smg-smetumet-mol.jpg\" alt=\"MOL logotip_barvni_mali_cmyk_2\" width=\"400\" height=\"178\" srcset=\"https:\/\/www.ljud.si\/slo\/wp-content\/uploads\/2021\/11\/bufeto-smg-smetumet-mol.jpg 528w, https:\/\/www.ljud.si\/slo\/wp-content\/uploads\/2021\/11\/bufeto-smg-smetumet-mol-150x67.jpg 150w, https:\/\/www.ljud.si\/slo\/wp-content\/uploads\/2021\/11\/bufeto-smg-smetumet-mol-300x134.jpg 300w\" sizes=\"(max-width: 400px) 100vw, 400px\" \/><\/p>\n<p><!--:--><!--:fr--><br \/>\nIn 2021, we continued our long-term project (culminating in 2025) EMBASSIES &#8211; a dialogue between<br \/>\ntwo European neighborhoods (Table Theatre).<br \/>\nWith a help of the residents of the neighborhood BS 7 we carried out 6 scenes of the Table theatre<br \/>\nand a Sunday Creative picnic with a solo concert, children performance, circus workshops, making<br \/>\npancakes, burek&#8230;<\/p>\n<p>It was wonderful, we are already looking forward to 2022!<\/p>\n<p>Here are some highlights from this year&#8217;s and last year&#8217;s events.<\/p>\n<h2><\/h2>\n<p>Press article from the National Radio can be found <a href=\"https:\/\/4d.rtvslo.si\/arhiv\/val-202\/174811554\">here<\/a>.<\/p>\n<h2><\/h2>\n<p><br \/>\n<iframe loading=\"lazy\" src=\"https:\/\/www.youtube.com\/embed\/00RsUp-1Tgk\" width=\"560\" height=\"315\" frameborder=\"0\" allowfullscreen=\"allowfullscreen\"><\/iframe><br \/>\n<iframe loading=\"lazy\" src=\"https:\/\/www.youtube.com\/embed\/42mxAL1zlDY\" width=\"560\" height=\"315\" frameborder=\"0\" allowfullscreen=\"allowfullscreen\"><\/iframe><\/p>\n<h2><\/h2>\n<h2><\/h2>\n<p>We wish to thank our partner Slovensko mladinsko gledlai\u0161\u010de (SMG), Alenka Kre\u010d Bricelj(Kulturno \u2013 ekolo\u0161ko dru\u0161tvo Smetumet) and inhabitants of BS7.<br \/>\n<img decoding=\"async\" loading=\"lazy\" class=\"aligncenter size-full wp-image-4499\" src=\"https:\/\/www.ljud.si\/slo\/wp-content\/uploads\/2021\/11\/bufeto-smg-smetumet-mol.jpg\" alt=\"MOL logotip_barvni_mali_cmyk_2\" width=\"400\" height=\"178\" srcset=\"https:\/\/www.ljud.si\/slo\/wp-content\/uploads\/2021\/11\/bufeto-smg-smetumet-mol.jpg 528w, https:\/\/www.ljud.si\/slo\/wp-content\/uploads\/2021\/11\/bufeto-smg-smetumet-mol-150x67.jpg 150w, https:\/\/www.ljud.si\/slo\/wp-content\/uploads\/2021\/11\/bufeto-smg-smetumet-mol-300x134.jpg 300w\" sizes=\"(max-width: 400px) 100vw, 400px\" \/><br \/>\n<!--:--><\/p>\n","protected":false},"excerpt":{"rendered":"<p>V letu 2021 smo nadaljevali z ve\u010dletnim projektom (ki bo vrhunec dosegel leta 2025) AMBASADI \u2013&#8230;<\/p>\n","protected":false},"author":3,"featured_media":0,"parent":0,"menu_order":0,"comment_status":"closed","ping_status":"closed","template":"","meta":[],"_links":{"self":[{"href":"https:\/\/www.ljud.si\/slo\/wp-json\/wp\/v2\/pages\/4356"}],"collection":[{"href":"https:\/\/www.ljud.si\/slo\/wp-json\/wp\/v2\/pages"}],"about":[{"href":"https:\/\/www.ljud.si\/slo\/wp-json\/wp\/v2\/types\/page"}],"author":[{"embeddable":true,"href":"https:\/\/www.ljud.si\/slo\/wp-json\/wp\/v2\/users\/3"}],"replies":[{"embeddable":true,"href":"https:\/\/www.ljud.si\/slo\/wp-json\/wp\/v2\/comments?post=4356"}],"version-history":[{"count":19,"href":"https:\/\/www.ljud.si\/slo\/wp-json\/wp\/v2\/pages\/4356\/revisions"}],"predecessor-version":[{"id":6202,"href":"https:\/\/www.ljud.si\/slo\/wp-json\/wp\/v2\/pages\/4356\/revisions\/6202"}],"wp:attachment":[{"href":"https:\/\/www.ljud.si\/slo\/wp-json\/wp\/v2\/media?parent=4356"}],"curies":[{"name":"wp","href":"https:\/\/api.w.org\/{rel}","templated":true}]}}