{"id":4262,"date":"2019-07-18T18:46:42","date_gmt":"2019-07-18T16:46:42","guid":{"rendered":"http:\/\/www.ljud.si\/slo\/?page_id=4262"},"modified":"2023-11-03T17:16:30","modified_gmt":"2023-11-03T16:16:30","slug":"mestne-metamorfoze","status":"publish","type":"page","link":"https:\/\/www.ljud.si\/slo\/mestne-metamorfoze\/","title":{"rendered":"Mestne metamorfoze \/ City Metamorphosis"},"content":{"rendered":"<p><!--:sl--><br \/>\n<strong>DANES SKALA, JUTRI VETER!<br \/>\nMESTNE METAMORFOZE<br \/>\n<\/strong><\/p>\n<p>Mestne metamorfoze niso klasi\u010dna predstava, tudi niso instalacija, glasbena ali gibalna improvizacija. So povsem nova uprizoritvena umetni\u0161ka forma, ki v svojih elementih zdru\u017euje prvine vseh zgoraj navedenih oblik. Njen cilj je igrivo umetni\u0161ko poigravanje s \u00bbtukaj in zdaj!\u00ab urbanega prostora, njena sredstva so u\u010dinkovite vizualne podobe, ostri poudarjeni ritmi, zborovske scene, nadrealisti\u010dni prizori in nepri\u010dakovan humor, glavni akter te nove forme pa je sam urbani prostor.<\/p>\n<p>Zasnova in re\u017eija: Vida Cerkvenik Bren<br \/>\nKostumografija: Katarina Zalar<br \/>\nIzvajalci: Grega Mo\u010divnik, Jurij Torkar, Manca Ur\u0161i\u010d, Mojca Sovdat, Laura Betka Krajnc, Enja Rojenica, Nina Vombergar, Jan Cunja, Jaka Andrej Vojevec in drugi<\/p>\n\n<p><!--:--><!--:en--><br \/>\n<strong>TODAY THE ROCK, TOMORROW THE WIND!<br \/>\nCITY METAMORPHOSIS<\/strong><\/p>\n<p>City metamorphosis is not a classical performance, nor an installation, nor music or movement improvisation. Above else it is a new performing art form, which in its elements combines all mentioned forms. It aims to play artistically with the \u00bbhere and now!\u00ab of urban space, its means are efficient visual images, sharp accentuated rhythms, choral and surreal scenes, unexpected humor, and the main actor of this new form is the urban space itself.<\/p>\n<p><!--:--><!--:fr--><\/p>\n<p><!--:--><\/p>\n","protected":false},"excerpt":{"rendered":"<p>DANES SKALA, JUTRI VETER! MESTNE METAMORFOZE Mestne metamorfoze niso klasi\u010dna predstava, tudi niso instalacija, glasbena ali&#8230;<\/p>\n","protected":false},"author":3,"featured_media":0,"parent":0,"menu_order":0,"comment_status":"closed","ping_status":"closed","template":"","meta":[],"_links":{"self":[{"href":"https:\/\/www.ljud.si\/slo\/wp-json\/wp\/v2\/pages\/4262"}],"collection":[{"href":"https:\/\/www.ljud.si\/slo\/wp-json\/wp\/v2\/pages"}],"about":[{"href":"https:\/\/www.ljud.si\/slo\/wp-json\/wp\/v2\/types\/page"}],"author":[{"embeddable":true,"href":"https:\/\/www.ljud.si\/slo\/wp-json\/wp\/v2\/users\/3"}],"replies":[{"embeddable":true,"href":"https:\/\/www.ljud.si\/slo\/wp-json\/wp\/v2\/comments?post=4262"}],"version-history":[{"count":6,"href":"https:\/\/www.ljud.si\/slo\/wp-json\/wp\/v2\/pages\/4262\/revisions"}],"predecessor-version":[{"id":6214,"href":"https:\/\/www.ljud.si\/slo\/wp-json\/wp\/v2\/pages\/4262\/revisions\/6214"}],"wp:attachment":[{"href":"https:\/\/www.ljud.si\/slo\/wp-json\/wp\/v2\/media?parent=4262"}],"curies":[{"name":"wp","href":"https:\/\/api.w.org\/{rel}","templated":true}]}}