{"id":4208,"date":"2019-06-18T12:34:20","date_gmt":"2019-06-18T10:34:20","guid":{"rendered":"http:\/\/www.ljud.si\/slo\/?page_id=4208"},"modified":"2023-01-21T13:19:37","modified_gmt":"2023-01-21T12:19:37","slug":"knjiga","status":"publish","type":"page","link":"https:\/\/www.ljud.si\/slo\/knjiga\/","title":{"rendered":"Knjiga"},"content":{"rendered":"<p><!--:sl--><\/p>\n<h4>Z veseljem naznanjamo izzid knjige <em>Why Don\u2019t We Do It in the Road: A Personal Guide to Outdoor Interactive Theatre <\/em> izpod peresa Vide Cerkvenik Bren in z avtorskim doprinosom kolektiva Ljud.<\/h4>\n<h2><\/h2>\n<p><img decoding=\"async\" loading=\"lazy\" class=\"aligncenter size-full wp-image-4222\" src=\"https:\/\/www.ljud.si\/slo\/wp-content\/uploads\/2019\/06\/KNJIGA.jpg\" alt=\"KNJIGA\" width=\"600\" height=\"304\" srcset=\"https:\/\/www.ljud.si\/slo\/wp-content\/uploads\/2019\/06\/KNJIGA.jpg 800w, https:\/\/www.ljud.si\/slo\/wp-content\/uploads\/2019\/06\/KNJIGA-150x75.jpg 150w, https:\/\/www.ljud.si\/slo\/wp-content\/uploads\/2019\/06\/KNJIGA-300x151.jpg 300w\" sizes=\"(max-width: 600px) 100vw, 600px\" \/><\/p>\n<h2><\/h2>\n<p><em>Why Don\u2019t We Do It in the Road<\/em> je knjiga za vse, ki:<br \/>\n&#8230; radi po\u010dnejo gledali\u0161\u010de zunaj,<br \/>\n&#8230; ki jih zanima, kako se to po\u010dne,<br \/>\n&#8230; ki jih zanima, kak\u0161ni mehanizmi se skrivajo za tak\u0161nim po\u010detjem,<br \/>\n&#8230; in za vse, ki jih na splo\u0161no vse zanima.<\/p>\n<p><em>Why Don\u2019t We Do It in the Road<\/em> vas vabi, da vstopite v svet gledali\u0161\u010da v javnem prostoru skozi osebne pripovedi in poglede performerjev, re\u017eiserjev in pedagogov. V knjigi so predstavljeni njihovi teoreti\u010dni razmisleki kot tudi prakti\u010dni nasveti. Orisana so orodja za analizo obstoje\u010dih gledali\u0161kih pojavov in podani koristni napotki in vaje, ki vam bodo pomagali pri lastnem ustvarjanju.<\/p>\n<p><img decoding=\"async\" loading=\"lazy\" class=\"aligncenter size-large wp-image-4218\" src=\"https:\/\/www.ljud.si\/slo\/wp-content\/uploads\/2019\/06\/LJUD_Ninje-v-javnem-prostoru-1-1024x560.png\" alt=\"LJUD_Ninje v javnem prostoru 1\" width=\"600\" height=\"328\" srcset=\"https:\/\/www.ljud.si\/slo\/wp-content\/uploads\/2019\/06\/LJUD_Ninje-v-javnem-prostoru-1-1024x560.png 1024w, https:\/\/www.ljud.si\/slo\/wp-content\/uploads\/2019\/06\/LJUD_Ninje-v-javnem-prostoru-1-150x82.png 150w, https:\/\/www.ljud.si\/slo\/wp-content\/uploads\/2019\/06\/LJUD_Ninje-v-javnem-prostoru-1-300x164.png 300w\" sizes=\"(max-width: 600px) 100vw, 600px\" \/><\/p>\n<p>Knjiga je nastala na podlagi ve\u010d kot desetletja izku\u0161enj ustvarjanja gledali\u0161\u010da na ulicah, trgih, parkih, vaseh, avtobusih, bolni\u0161nicah, cerkvah in celo v gorah. Od leta 2006 Vida in Ljudi raziskujemo mo\u017enosti umetni\u0161kega izraza v javnem prostoru s pomo\u010djo interaktivnih in site-specific pristopov. Ta pot nas je popeljala v ve\u010d kot 30 dr\u017eav po svetu, kjer smo se sre\u010dali z mnogimi podobno misle\u010dimi umetniki ter gledali\u0161kimi kritiki, festivalskimi direktorji in akademiki. Njihove ideje in nasveti so obogatili na\u0161e poglede na razumevanje in ustvarjanje gledali\u0161\u010da v javnem prostoru, nekatere izmed njih lahko najdete tudi v tej knjigi.<\/p>\n<p>Knjiga omogo\u010da bralcu, da stopi v interaktivni proces raziskovanja in posku\u0161a spodbujati samostojno mi\u0161ljenje. Vsebuje obilo ilustracij in grafi\u010dnih predstavitev, zaradi katerih je dostopna tudi \u0161ir\u0161i javnosti. Knjiga je nastala v okviru projekta <strong><a href=\"https:\/\/riote.org\/\">RIOTE2<\/a><\/strong> in je mi\u0161ljena kot brezpla\u010dni u\u010dni pripomo\u010dek za izobra\u017eevanje odraslih po vsej Evropi.<\/p>\n<p>&nbsp;<\/p>\n<h2>KAKO DO KNJIGE?<\/h2>\n<p>Tu lahko prenesete digitalne razli\u010dice knjige.<\/p>\n<p><strong><a href=\"https:\/\/www.ljud.si\/slo\/wp-content\/uploads\/2019\/10\/Delo-na-cesti-za-branje-na-spletu.pdf\">SLOVENSKA RAZLI\u010cICA ZA BRANJE NA ZASLONU&gt;&gt;&gt;<\/a><\/strong> \u010de jo \u017eelite prebrati na ra\u010dunalniku ali tablici (priporo\u010damo, da va\u0161 PDF bralnik nastavite na celozaslonski pogled).<br \/>\n<strong><a href=\"https:\/\/www.ljud.si\/slo\/wp-content\/uploads\/2019\/10\/Delo-na-cesti-za-print.pdf\">SLOVENSKA RAZLI\u010cICA ZA TISK&gt;&gt;&gt;<\/a><\/strong> v primeru, da bi raje imeli fizi\u010dno kopijo v rokah (ker knjiga vklju\u010duje dvostranske ilustracije in prikaze, je najbolje, da jo natisnete obojestransko).<\/p>\n<h4><\/h4>\n<p><strong><a href=\"https:\/\/www.ljud.si\/slo\/wp-content\/uploads\/2019\/10\/Why-dont-we-do-it-in-the-road-online-read-sep.pdf\">ANGLE\u0160KA RAZLI\u010cICA ZA BRANJE NA ZASLONU&gt;&gt;&gt;<\/a><\/strong><br \/>\n<strong><a href=\"https:\/\/www.ljud.si\/slo\/wp-content\/uploads\/2019\/10\/Why-dont-we-do-it-in-the-road-for-print-SEP.pdf\">ANGLE\u0160KA RAZLI\u010cICA ZA TISK&gt;&gt;&gt;<\/a><\/strong><\/p>\n<h4><\/h4>\n<p><strong><a href=\"https:\/\/www.ljud.si\/slo\/wp-content\/uploads\/2019\/07\/IN-STRADA-PERCHE-NO-Versione-digitale.pdf\">ITALJANSKA RAZLI\u010cICA ZA BRANJE NA ZASLONU&gt;&gt;&gt;<\/a><\/strong><br \/>\n<strong><a href=\"https:\/\/www.ljud.si\/slo\/wp-content\/uploads\/2019\/07\/IN-STRADA-PERCHE-NO-Versione-da-stampare.pdf\">ITALJANSKA RAZLI\u010cICA ZA TISK&gt;&gt;&gt;<\/a><\/strong><\/p>\n<h4><\/h4>\n<p><strong><a href=\"https:\/\/www.ljud.si\/slo\/wp-content\/uploads\/2019\/10\/DE-CE-N-O-FACEM-\u00ceN-STRAD\u0102-citit-online.pdf\">ROMUNSKA RAZLI\u010cICA ZA BRANJE NA ZASLONU&gt;&gt;&gt;<\/a><\/strong><br \/>\n<strong><a href=\"https:\/\/www.ljud.si\/slo\/wp-content\/uploads\/2019\/10\/DE-CE-N-O-FACEM-\u00ceN-STRAD\u0102-pentru-tipar.pdf\">ROMUNSKA RAZLI\u010cICA ZA TISK&gt;&gt;&gt;<\/a><\/strong><\/p>\n<p>&nbsp;<\/p>\n<h2>TISKANA VERZIJA<\/h2>\n<p>Tiskana verzija knjige je na voljo zgolj v angle\u0161\u010dini. \u010ce jo \u017eelite prejeti, nam pi\u0161ite na: kudljud@gmail.com<\/p>\n<p><img decoding=\"async\" loading=\"lazy\" class=\"aligncenter size-large wp-image-4219\" src=\"https:\/\/www.ljud.si\/slo\/wp-content\/uploads\/2019\/06\/LJUD_Ninje-v-javnem-prostoru-3-1024x399.png\" alt=\"LJUD_Ninje v javnem prostoru 3\" width=\"600\" height=\"234\" srcset=\"https:\/\/www.ljud.si\/slo\/wp-content\/uploads\/2019\/06\/LJUD_Ninje-v-javnem-prostoru-3-1024x399.png 1024w, https:\/\/www.ljud.si\/slo\/wp-content\/uploads\/2019\/06\/LJUD_Ninje-v-javnem-prostoru-3-150x58.png 150w, https:\/\/www.ljud.si\/slo\/wp-content\/uploads\/2019\/06\/LJUD_Ninje-v-javnem-prostoru-3-300x117.png 300w\" sizes=\"(max-width: 600px) 100vw, 600px\" \/><\/p>\n<h2><\/h2>\n<p>Knjiga je nastala kot del projekta <a href=\"https:\/\/riote.org\/\">RIOTE2 <\/a> , ki ga sofinancira program Evropske unije Erasmus+.<\/p>\n<p><img decoding=\"async\" loading=\"lazy\" class=\"alignleft size-large wp-image-4193\" src=\"https:\/\/www.ljud.si\/slo\/wp-content\/uploads\/2019\/05\/logo-slo1-1024x292.jpg\" alt=\"logo slo\" width=\"600\" height=\"171\" srcset=\"https:\/\/www.ljud.si\/slo\/wp-content\/uploads\/2019\/05\/logo-slo1-1024x292.jpg 1024w, https:\/\/www.ljud.si\/slo\/wp-content\/uploads\/2019\/05\/logo-slo1-150x42.jpg 150w, https:\/\/www.ljud.si\/slo\/wp-content\/uploads\/2019\/05\/logo-slo1-300x85.jpg 300w, https:\/\/www.ljud.si\/slo\/wp-content\/uploads\/2019\/05\/logo-slo1.jpg 1654w\" sizes=\"(max-width: 600px) 100vw, 600px\" \/><\/p>\n<p><!--:--><!--:en--><\/p>\n<p>&nbsp;<\/p>\n<p><!--:--><\/p>\n","protected":false},"excerpt":{"rendered":"<p>Z veseljem naznanjamo izzid knjige Why Don\u2019t We Do It in the Road: A Personal Guide&#8230;<\/p>\n","protected":false},"author":3,"featured_media":0,"parent":0,"menu_order":0,"comment_status":"closed","ping_status":"closed","template":"","meta":[],"_links":{"self":[{"href":"https:\/\/www.ljud.si\/slo\/wp-json\/wp\/v2\/pages\/4208"}],"collection":[{"href":"https:\/\/www.ljud.si\/slo\/wp-json\/wp\/v2\/pages"}],"about":[{"href":"https:\/\/www.ljud.si\/slo\/wp-json\/wp\/v2\/types\/page"}],"author":[{"embeddable":true,"href":"https:\/\/www.ljud.si\/slo\/wp-json\/wp\/v2\/users\/3"}],"replies":[{"embeddable":true,"href":"https:\/\/www.ljud.si\/slo\/wp-json\/wp\/v2\/comments?post=4208"}],"version-history":[{"count":28,"href":"https:\/\/www.ljud.si\/slo\/wp-json\/wp\/v2\/pages\/4208\/revisions"}],"predecessor-version":[{"id":5991,"href":"https:\/\/www.ljud.si\/slo\/wp-json\/wp\/v2\/pages\/4208\/revisions\/5991"}],"wp:attachment":[{"href":"https:\/\/www.ljud.si\/slo\/wp-json\/wp\/v2\/media?parent=4208"}],"curies":[{"name":"wp","href":"https:\/\/api.w.org\/{rel}","templated":true}]}}