{"id":4145,"date":"2018-10-11T18:14:30","date_gmt":"2018-10-11T16:14:30","guid":{"rendered":"http:\/\/www.ljud.si\/slo\/?page_id=4145"},"modified":"2023-10-08T15:49:58","modified_gmt":"2023-10-08T13:49:58","slug":"snooze-dremaj","status":"publish","type":"page","link":"https:\/\/www.ljud.si\/slo\/snooze-dremaj\/","title":{"rendered":"SNOOZE! \/ DREMAJ!"},"content":{"rendered":"<p><!--:sl--><\/p>\n<h2><\/h2>\n<p>Gledali\u0161ko dru\u017eenje brez namena. Skupnostna kontemplacija. Kako lahko brezdelje, dremanje in spanje postane participatorna izku\u0161nja? Eksperimentalni projekt Snooze! je odprta forma. Odprta za vse, kar se zgodi ali pojavi tekom ene no\u010di.<\/p>\n<p><img decoding=\"async\" loading=\"lazy\" class=\"alignleft size-large wp-image-4134\" src=\"https:\/\/www.ljud.si\/slo\/wp-content\/uploads\/2018\/10\/Plakat_-1024x444.jpg\" alt=\"Plakat_\" width=\"600\" height=\"260\" srcset=\"https:\/\/www.ljud.si\/slo\/wp-content\/uploads\/2018\/10\/Plakat_-1024x444.jpg 1024w, https:\/\/www.ljud.si\/slo\/wp-content\/uploads\/2018\/10\/Plakat_-150x65.jpg 150w, https:\/\/www.ljud.si\/slo\/wp-content\/uploads\/2018\/10\/Plakat_-300x130.jpg 300w\" sizes=\"(max-width: 600px) 100vw, 600px\" \/><\/p>\n<p>Na za\u010detku vsak obiskovalec namesto stola dobi svojo posteljo. Na koncu je skupni zajtrk ob son\u010dnem vzhodu. Vmes so zvo\u010dne kompozicije, sre\u010danja ena-na-ena, kuhanje in natan\u010dna priprava zajtrka, metadiskusije, happeningi z odprtim koncem, morda tudi \u017eiva glasba. Spanje in dremanje je vklju\u010deno v scenarij. Kaj se zgodi, ko se ljudje sprostijo in se ule\u017eejo v postelje poleg popolnih neznancev? Zavedati se, da se nekaj dogaja. S tabo in z drugimi. Neke vrste ekstati\u010dna vaja v \u010duje\u010dnosti?<\/p>\n<p>Prostor za sanje, zgodbe in kontemplacijo znotraj &#8220;cone raztegnjenih pravil&#8221;.<\/p>\n<p><strong>Sobota, 27. oktobra 2018 (22:00 \u2013 son\u010dni vzhod)<br \/>\nLokacija: Red Sapata \/ Tabakfabrik, Linz, Avstrija (obvezne rezervacije)<\/strong><\/p>\n<p>Koprodukcija: KUD LJUD (SLO) &amp; <a href=\"http:\/\/www.fabrikanten.at\/\">DIE FABRIKANTEN<\/a> (AT)<\/p>\n<p><!--:--><!--:en--><\/p>\n<h2><\/h2>\n<p>Snooze !, a theatrical assembly without purpose. Cooperative contemplation. Do nothing, doze and sleep as a participatory experience. The laboratory project Snooze! is an open field. Open to things that arise and happen during a night.<\/p>\n<p><img decoding=\"async\" loading=\"lazy\" class=\"alignleft size-large wp-image-4134\" src=\"https:\/\/www.ljud.si\/slo\/wp-content\/uploads\/2018\/10\/Plakat_-1024x444.jpg\" alt=\"Plakat_\" width=\"600\" height=\"260\" srcset=\"https:\/\/www.ljud.si\/slo\/wp-content\/uploads\/2018\/10\/Plakat_-1024x444.jpg 1024w, https:\/\/www.ljud.si\/slo\/wp-content\/uploads\/2018\/10\/Plakat_-150x65.jpg 150w, https:\/\/www.ljud.si\/slo\/wp-content\/uploads\/2018\/10\/Plakat_-300x130.jpg 300w\" sizes=\"(max-width: 600px) 100vw, 600px\" \/><\/p>\n<p>At the beginning, each visitor is offered a bed instead of a chair. At the end there is a breakfast together at sunrise. In between, one-to-one encounters, vocal compositions, cooking and thoroughly preparation of the breakfast, metadiscussions, open-score happenings, possibly live music. Sleep or snooze is included in the scenario. What happens when people relax and lie in their beds next to strangers? To be aware that something is going on. About yourself and the others. A kind of ecstatic mindfulness exercise?<br \/>\nA space for dreams, stories and contemplation, a &#8220;zone of stretched rules&#8221;.<\/p>\n<p><strong>Saturday, October 27, 2018 (22:00 \u2013 06:00)<br \/>\nLOCATION: Red Sapata \/ Tabakfabrik Linz (only by appointment)<\/strong><\/p>\n<p>A co-production of KUD LJUD (SLO) &amp; <a href=\"http:\/\/www.fabrikanten.at\/\">DIE FABRIKANTEN<\/a> (AT)<\/p>\n<p><!--:--><!--:fr--><\/p>\n<h2><\/h2>\n<p>Snooze !, a theatrical assembly without purpose. Cooperative contemplation. Do nothing, doze and sleep as a participatory experience. The laboratory project Snooze! is an open field. Open to things that arise and happen during a night.<\/p>\n<p><img decoding=\"async\" loading=\"lazy\" class=\"alignleft size-large wp-image-4134\" src=\"https:\/\/www.ljud.si\/slo\/wp-content\/uploads\/2018\/10\/Plakat_-1024x444.jpg\" alt=\"Plakat_\" width=\"600\" height=\"260\" srcset=\"https:\/\/www.ljud.si\/slo\/wp-content\/uploads\/2018\/10\/Plakat_-1024x444.jpg 1024w, https:\/\/www.ljud.si\/slo\/wp-content\/uploads\/2018\/10\/Plakat_-150x65.jpg 150w, https:\/\/www.ljud.si\/slo\/wp-content\/uploads\/2018\/10\/Plakat_-300x130.jpg 300w\" sizes=\"(max-width: 600px) 100vw, 600px\" \/><\/p>\n<p>At the beginning, each visitor is offered a bed instead of a chair. At the end there is a breakfast together at sunrise. In between, one-to-one encounters, vocal compositions, cooking and thoroughly preparation of the breakfast, metadiscussions, open-score happenings, possibly live music. Sleep or snooze is included in the scenario. What happens when people relax and lie in their beds next to strangers? To be aware that something is going on. About yourself and the others. A kind of ecstatic mindfulness exercise?<br \/>\nA space for dreams, stories and contemplation, a &#8220;zone of stretched rules&#8221;.<\/p>\n<p><strong>Saturday, October 27, 2018 (22:00 \u2013 06:00)<br \/>\nLOCATION: Red Sapata \/ Tabakfabrik Linz (only by appointment)<\/strong><\/p>\n<p>A co-production of KUD LJUD (SLO) &amp; <a href=\"http:\/\/www.fabrikanten.at\/\">DIE FABRIKANTEN<\/a> (AT)<\/p>\n<p><!--:--><\/p>\n","protected":false},"excerpt":{"rendered":"<p>Gledali\u0161ko dru\u017eenje brez namena. Skupnostna kontemplacija. Kako lahko brezdelje, dremanje in spanje postane participatorna izku\u0161nja? Eksperimentalni&#8230;<\/p>\n","protected":false},"author":3,"featured_media":0,"parent":0,"menu_order":0,"comment_status":"closed","ping_status":"closed","template":"","meta":[],"_links":{"self":[{"href":"https:\/\/www.ljud.si\/slo\/wp-json\/wp\/v2\/pages\/4145"}],"collection":[{"href":"https:\/\/www.ljud.si\/slo\/wp-json\/wp\/v2\/pages"}],"about":[{"href":"https:\/\/www.ljud.si\/slo\/wp-json\/wp\/v2\/types\/page"}],"author":[{"embeddable":true,"href":"https:\/\/www.ljud.si\/slo\/wp-json\/wp\/v2\/users\/3"}],"replies":[{"embeddable":true,"href":"https:\/\/www.ljud.si\/slo\/wp-json\/wp\/v2\/comments?post=4145"}],"version-history":[{"count":3,"href":"https:\/\/www.ljud.si\/slo\/wp-json\/wp\/v2\/pages\/4145\/revisions"}],"predecessor-version":[{"id":6194,"href":"https:\/\/www.ljud.si\/slo\/wp-json\/wp\/v2\/pages\/4145\/revisions\/6194"}],"wp:attachment":[{"href":"https:\/\/www.ljud.si\/slo\/wp-json\/wp\/v2\/media?parent=4145"}],"curies":[{"name":"wp","href":"https:\/\/api.w.org\/{rel}","templated":true}]}}