{"id":3842,"date":"2017-11-23T18:09:43","date_gmt":"2017-11-23T17:09:43","guid":{"rendered":"http:\/\/www.ljud.si\/slo\/?page_id=3842"},"modified":"2017-11-23T18:09:43","modified_gmt":"2017-11-23T17:09:43","slug":"lokalni-junak-2","status":"publish","type":"page","link":"https:\/\/www.ljud.si\/slo\/lokalni-junak-2\/","title":{"rendered":"<!--:sl-->Lokalni junak<!--:--><!--:en-->Local hero<!--:--><!--:fr-->h\u00e9ros local<!--:-->"},"content":{"rendered":"<p><!--:sl--><br \/>\nEden od Ljudovih udarnikov se v letu 2014 preobrazil v Lokalnega junaka.  Lokalni junak je sme\u0161en, bedast, pretiran, ranljiv, drzen, mote\u010d, jedek, igriv \u2026 brska, poizveduje in i\u0161\u010de &#8230; odkriva smeh, presene\u010denje, strah, hrepenenje, iskrenost \u2026  in odmeve lepote.<\/p>\n<p><iframe loading=\"lazy\" src=\"\/\/player.vimeo.com\/video\/99384605?byline=0&amp;portrait=0&amp;color=f00004\" width=\"600\" height=\"337\" frameborder=\"0\" webkitallowfullscreen mozallowfullscreen allowfullscreen><\/iframe><\/p>\n<p><a href=\"https:\/\/www.ljud.si\/slo\/?attachment_id=150\" rel=\"attachment wp-att-150\"><\/p>\n<p><!--:--><!--:en--><br \/>\nOne of the Ljud veterans  transformed into a Local Hero in 2014. The Local Hero is funny, stupid, exaggerated, vulnerable, adventurous, troublesome, playful &#8230; exploring, inquiring and searching &#8230; finding laughter, surprise, fear, longing, sincerity &#8230; and echoes of beauty.<\/p>\n<p><iframe loading=\"lazy\" src=\"\/\/player.vimeo.com\/video\/99384605?byline=0&amp;portrait=0&amp;color=f00004\" width=\"600\" height=\"337\" frameborder=\"0\" webkitallowfullscreen mozallowfullscreen allowfullscreen><\/iframe><\/p>\n<p><!--:--><!--:fr--><br \/>\nUn des v\u00e9t\u00e9rans des Ljuds s\u2019est transform\u00e9 en un H\u00e9ros local en 2014. Le H\u00e9ros local est dr\u00f4le, stupide, excessif, vuln\u00e9rable, aventureux, p\u00e9nible, espi\u00e8gle\u2026 Il explore, interroge et cherche\u2026 Il trouve des \u00e9clats de rire, de la surprise, de la peur, du d\u00e9sir, de la sinc\u00e9rit\u00e9\u2026 et des \u00e9chos de beaut\u00e9.<\/p>\n<p><iframe loading=\"lazy\" src=\"\/\/player.vimeo.com\/video\/99384605?byline=0&amp;portrait=0&amp;color=f00004\" width=\"600\" height=\"337\" frameborder=\"0\" webkitallowfullscreen mozallowfullscreen allowfullscreen><\/iframe><\/p>\n<h4><\/h4>\n<p><!--:--><\/p>\n","protected":false},"excerpt":{"rendered":"<p>Eden od Ljudovih udarnikov se v letu 2014 preobrazil v Lokalnega junaka. Lokalni junak je sme\u0161en,&#8230;<\/p>\n","protected":false},"author":3,"featured_media":0,"parent":0,"menu_order":0,"comment_status":"closed","ping_status":"closed","template":"","meta":[],"_links":{"self":[{"href":"https:\/\/www.ljud.si\/slo\/wp-json\/wp\/v2\/pages\/3842"}],"collection":[{"href":"https:\/\/www.ljud.si\/slo\/wp-json\/wp\/v2\/pages"}],"about":[{"href":"https:\/\/www.ljud.si\/slo\/wp-json\/wp\/v2\/types\/page"}],"author":[{"embeddable":true,"href":"https:\/\/www.ljud.si\/slo\/wp-json\/wp\/v2\/users\/3"}],"replies":[{"embeddable":true,"href":"https:\/\/www.ljud.si\/slo\/wp-json\/wp\/v2\/comments?post=3842"}],"version-history":[{"count":2,"href":"https:\/\/www.ljud.si\/slo\/wp-json\/wp\/v2\/pages\/3842\/revisions"}],"predecessor-version":[{"id":3847,"href":"https:\/\/www.ljud.si\/slo\/wp-json\/wp\/v2\/pages\/3842\/revisions\/3847"}],"wp:attachment":[{"href":"https:\/\/www.ljud.si\/slo\/wp-json\/wp\/v2\/media?parent=3842"}],"curies":[{"name":"wp","href":"https:\/\/api.w.org\/{rel}","templated":true}]}}