{"id":3822,"date":"2017-11-23T14:23:58","date_gmt":"2017-11-23T13:23:58","guid":{"rendered":"http:\/\/www.ljud.si\/slo\/?page_id=3822"},"modified":"2017-11-23T14:36:38","modified_gmt":"2017-11-23T13:36:38","slug":"ulicagalerija","status":"publish","type":"page","link":"https:\/\/www.ljud.si\/slo\/ulicagalerija\/","title":{"rendered":"<!--:sl-->Ulica=Galerija<!--:--><!--:en-->Street=Gallery<!--:--><!--:fr-->Street=Gallery<!--:-->"},"content":{"rendered":"<p><!--:sl--><br \/>\nDelavnica, na kateri se otroci in mladostniki spoznavajo s sodobno vizualno umetnostjo, urijo v ve\u0161\u010dinah nastopanja in odkrivajo mesto iz nove perspektive. Udele\u017eenci odkrivajo \u017ee obstoje\u010de (ne)vsakdanje elemente mesta (razpoke na stenah, korita za ro\u017ee, prometne znake) in jih s preprostim dejanjem &#8211; poimenovanjem, spreminjajo v umetni\u0161ka dela, ulico pa v galerijo sodobne umetnosti. Delavnica, kot odvod, izhaja iz Ljudovega mednarodnega gledali\u0161kega projekta Pocestnica &#8211; &#8220;ready-made&#8221; galerija na prostem.<br \/>\n<img decoding=\"async\" loading=\"lazy\" src=\"https:\/\/www.ljud.si\/slo\/wp-content\/uploads\/2017\/11\/Ulica-je-Galerija_arhiv-Moderna-galerija-2-300x225.jpg\" alt=\"Ulica je Galerija_arhiv Moderna galerija 2\" width=\"290\" height=\"203\" class=\"alignleft size-medium wp-image-3827\" \/> <img decoding=\"async\" loading=\"lazy\" src=\"https:\/\/www.ljud.si\/slo\/wp-content\/uploads\/2017\/11\/Ulica-je-Galerija_arhiv-Moderna-galerija-1-300x210.jpg\" alt=\"Ulica je Galerija_arhiv Moderna galerija 1\" width=\"290\" height=\"203\" class=\"alignright size-medium wp-image-3826\" srcset=\"https:\/\/www.ljud.si\/slo\/wp-content\/uploads\/2017\/11\/Ulica-je-Galerija_arhiv-Moderna-galerija-1-300x210.jpg 300w, https:\/\/www.ljud.si\/slo\/wp-content\/uploads\/2017\/11\/Ulica-je-Galerija_arhiv-Moderna-galerija-1-150x105.jpg 150w, https:\/\/www.ljud.si\/slo\/wp-content\/uploads\/2017\/11\/Ulica-je-Galerija_arhiv-Moderna-galerija-1-1024x716.jpg 1024w\" sizes=\"(max-width: 290px) 100vw, 290px\" \/><\/p>\n<h2>Za ve\u010d informacij poglej <a href=\"https:\/\/www.ljud.si\/slo\/wp-content\/uploads\/2017\/11\/ULICA-je-GALERIJA-letak-web-2017.pdf\">letak<\/a>!<\/h2>\n<p><!--:--><!--:en--><br \/>\nThe page is only available in Slovene \ud83d\ude42<\/p>\n<p><!--:--><!--:fr--><br \/>\nThe page is only available in Slovene \ud83d\ude42<br \/>\n<!--:--><\/p>\n","protected":false},"excerpt":{"rendered":"<p>Delavnica, na kateri se otroci in mladostniki spoznavajo s sodobno vizualno umetnostjo, urijo v ve\u0161\u010dinah nastopanja&#8230;<\/p>\n","protected":false},"author":3,"featured_media":0,"parent":0,"menu_order":0,"comment_status":"closed","ping_status":"closed","template":"","meta":[],"_links":{"self":[{"href":"https:\/\/www.ljud.si\/slo\/wp-json\/wp\/v2\/pages\/3822"}],"collection":[{"href":"https:\/\/www.ljud.si\/slo\/wp-json\/wp\/v2\/pages"}],"about":[{"href":"https:\/\/www.ljud.si\/slo\/wp-json\/wp\/v2\/types\/page"}],"author":[{"embeddable":true,"href":"https:\/\/www.ljud.si\/slo\/wp-json\/wp\/v2\/users\/3"}],"replies":[{"embeddable":true,"href":"https:\/\/www.ljud.si\/slo\/wp-json\/wp\/v2\/comments?post=3822"}],"version-history":[{"count":6,"href":"https:\/\/www.ljud.si\/slo\/wp-json\/wp\/v2\/pages\/3822\/revisions"}],"predecessor-version":[{"id":3832,"href":"https:\/\/www.ljud.si\/slo\/wp-json\/wp\/v2\/pages\/3822\/revisions\/3832"}],"wp:attachment":[{"href":"https:\/\/www.ljud.si\/slo\/wp-json\/wp\/v2\/media?parent=3822"}],"curies":[{"name":"wp","href":"https:\/\/api.w.org\/{rel}","templated":true}]}}