{"id":357,"date":"2009-06-10T12:43:40","date_gmt":"2009-06-10T10:43:40","guid":{"rendered":"http:\/\/www.ljud.si\/slo\/?page_id=357"},"modified":"2023-01-21T16:40:41","modified_gmt":"2023-01-21T15:40:41","slug":"prejemaj-obvestila","status":"publish","type":"page","link":"https:\/\/www.ljud.si\/slo\/prejemaj-obvestila\/","title":{"rendered":"Novice!"},"content":{"rendered":"<p><!--:sl-->Naro\u010dite se na aktualne novice in preko e-po\u0161te prejemajte obvestila o<strong> na\u010drtovanih projektih, <\/strong><strong>brezpla\u010dnih delavnicah,<\/strong><strong> gostovanjih <\/strong>in drugih zanimivih <strong>dogodiv\u0161\u010dinah skupine LJUD <\/strong>&#8230;<\/p>\n<div class=\"wpcf7 no-js\" id=\"wpcf7-f5418-o1\" lang=\"en-US\" dir=\"ltr\">\n<div class=\"screen-reader-response\"><p role=\"status\" aria-live=\"polite\" aria-atomic=\"true\"><\/p> <ul><\/ul><\/div>\n<form action=\"\/slo\/wp-json\/wp\/v2\/pages\/357#wpcf7-f5418-o1\" method=\"post\" class=\"wpcf7-form init\" aria-label=\"Contact form\" novalidate=\"novalidate\" data-status=\"init\">\n<div style=\"display: none;\">\n<input type=\"hidden\" name=\"_wpcf7\" value=\"5418\" \/>\n<input type=\"hidden\" name=\"_wpcf7_version\" value=\"5.7.4\" \/>\n<input type=\"hidden\" name=\"_wpcf7_locale\" value=\"en_US\" \/>\n<input type=\"hidden\" name=\"_wpcf7_unit_tag\" value=\"wpcf7-f5418-o1\" \/>\n<input type=\"hidden\" name=\"_wpcf7_container_post\" value=\"0\" \/>\n<input type=\"hidden\" name=\"_wpcf7_posted_data_hash\" value=\"\" \/>\n<\/div>\n<div class=\"button-group\">\n\t<p><span class=\"wpcf7-form-control-wrap\" data-name=\"your-email\"><input size=\"40\" class=\"wpcf7-form-control wpcf7-text wpcf7-email wpcf7-validates-as-required wpcf7-validates-as-email\" aria-required=\"true\" aria-invalid=\"false\" placeholder=\"your@yoursite.com\" value=\"\" type=\"email\" name=\"your-email\" \/><\/span><input class=\"wpcf7-form-control has-spinner wpcf7-submit\" type=\"submit\" value=\"Send\" \/>\n\t<\/p>\n<\/div><div class=\"wpcf7-response-output\" aria-hidden=\"true\"><\/div>\n<\/form>\n<\/div>\n<br \/>\n<!--:--><\/p>\n","protected":false},"excerpt":{"rendered":"<p>Naro\u010dite se na aktualne novice in preko e-po\u0161te prejemajte obvestila o na\u010drtovanih projektih, brezpla\u010dnih delavnicah, gostovanjih&#8230;<\/p>\n","protected":false},"author":3,"featured_media":0,"parent":0,"menu_order":70,"comment_status":"closed","ping_status":"closed","template":"","meta":[],"_links":{"self":[{"href":"https:\/\/www.ljud.si\/slo\/wp-json\/wp\/v2\/pages\/357"}],"collection":[{"href":"https:\/\/www.ljud.si\/slo\/wp-json\/wp\/v2\/pages"}],"about":[{"href":"https:\/\/www.ljud.si\/slo\/wp-json\/wp\/v2\/types\/page"}],"author":[{"embeddable":true,"href":"https:\/\/www.ljud.si\/slo\/wp-json\/wp\/v2\/users\/3"}],"replies":[{"embeddable":true,"href":"https:\/\/www.ljud.si\/slo\/wp-json\/wp\/v2\/comments?post=357"}],"version-history":[{"count":25,"href":"https:\/\/www.ljud.si\/slo\/wp-json\/wp\/v2\/pages\/357\/revisions"}],"predecessor-version":[{"id":6128,"href":"https:\/\/www.ljud.si\/slo\/wp-json\/wp\/v2\/pages\/357\/revisions\/6128"}],"wp:attachment":[{"href":"https:\/\/www.ljud.si\/slo\/wp-json\/wp\/v2\/media?parent=357"}],"curies":[{"name":"wp","href":"https:\/\/api.w.org\/{rel}","templated":true}]}}