{"id":3470,"date":"2016-11-10T22:03:06","date_gmt":"2016-11-10T21:03:06","guid":{"rendered":"http:\/\/www.ljud.si\/slo\/?page_id=3470"},"modified":"2023-01-21T16:03:55","modified_gmt":"2023-01-21T15:03:55","slug":"projekti-test","status":"publish","type":"page","link":"https:\/\/www.ljud.si\/slo\/projekti-test\/","title":{"rendered":"Projekti"},"content":{"rendered":"<p><!--:sl--><\/p>\n<h2>\u010cisto sve\u017ee!<\/h2>\n<div class=\"na-prefix\">\r\n\r\n<style>\r\n\t<\/style>\r\n\t<div class=\"grid grid-pad \">\r\n\t\t\t\t \r\n\t\t\t\t<div class=\"col-1-2 mason-item\">\r\n\t\t\t<div class=\"ih-item square effect8 scale_up \"\r\n\t\t\tstyle=\"border: px solid \">\r\n\t\t\t\t<a  href=\"http:\/\/www.ljud.si\/slo\/?page_id=4530&preview=true\" target=\"\">\r\n\t\t          \r\n\t\t          <div class=\"img\">\r\n\t\t          \t\t\t          \t<img style=\"\" src=\"http:\/\/www.ljud.si\/slo\/wp-content\/uploads\/2021\/11\/projekti_thumbnails-VSE-KAR-SMO-BILI.jpg\" title=\"KAR SMO (BILI)\" alt=\"KAR SMO (BILI)\">\r\n\t\t          <\/div>\r\n\t\t          <div class=\"info\" style=\"\r\n\t\t\t        background-color: ; width: 100%;\">\r\n\t\t            <div style=\"display:table;width:100%;height:100%;\">\r\n\t\t            \t<div style=\"display: table-cell !important;vertical-align: middle !important;\">\r\n\t\t            \t\t\t\t            \t\t<p>PREMIERA 2021!<\/p>\n\t\t            \t<\/div>\r\n\t\t            <\/div>\r\n\t\t          <\/div>\r\n\t\t        <\/a>\r\n\t\t    <\/div>\r\n\t\t<\/div>\r\n\t\t\t\t<div class=\"col-1-2 mason-item\">\r\n\t\t\t<div class=\"ih-item square effect8 scale_up \"\r\n\t\t\tstyle=\"border: px solid \">\r\n\t\t\t\t<a  href=\"http:\/\/www.ljud.si\/slo\/?page_id=4560&preview=true\" target=\"\">\r\n\t\t          \r\n\t\t          <div class=\"img\">\r\n\t\t          \t\t\t          \t<img style=\"\" src=\"http:\/\/www.ljud.si\/slo\/wp-content\/uploads\/2021\/11\/projekti_thumbnails-PLACMAR\u0160.jpg\" title=\"KAR SMO (BILI)\" alt=\"KAR SMO (BILI)\">\r\n\t\t          <\/div>\r\n\t\t          <div class=\"info\" style=\"\r\n\t\t\t        background-color: ; width: 100%;\">\r\n\t\t            <div style=\"display:table;width:100%;height:100%;\">\r\n\t\t            \t<div style=\"display: table-cell !important;vertical-align: middle !important;\">\r\n\t\t            \t\t\t\t            \t\t<p>IZOBRA\u017dEVANJE 2021-2022<\/p>\n\t\t            \t<\/div>\r\n\t\t            <\/div>\r\n\t\t          <\/div>\r\n\t\t        <\/a>\r\n\t\t    <\/div>\r\n\t\t<\/div>\r\n\t\t\r\n\t<\/div>\r\n\t\t<div class=\"clearfix\"><\/div>\r\n<\/div>\n<h2>Projekti na turnejah!<\/h2>\n<div class=\"na-prefix\">\r\n\r\n<style>\r\n\t<\/style>\r\n\t<div class=\"grid grid-pad \">\r\n\t\t\t\t \r\n\t\t\t\t<div class=\"col-1-2 mason-item\">\r\n\t\t\t<div class=\"ih-item square effect8 scale_up \"\r\n\t\t\tstyle=\"border: px solid \">\r\n\t\t\t\t<a  href=\"http:\/\/streetwalker.si\/\" target=\"_blank\">\r\n\t\t          \r\n\t\t          <div class=\"img\">\r\n\t\t          \t\t\t          \t<img style=\"\" src=\"http:\/\/www.ljud.si\/slo\/wp-content\/uploads\/2016\/10\/projekti_thumbnails-SW-slo1.jpg\" title=\"SW\" alt=\"SW\">\r\n\t\t          <\/div>\r\n\t\t          <div class=\"info\" style=\"\r\n\t\t\t        background-color: ; width: 100%;\">\r\n\t\t            <div style=\"display:table;width:100%;height:100%;\">\r\n\t\t            \t<div style=\"display: table-cell !important;vertical-align: middle !important;\">\r\n\t\t            \t\t\t\t            \t\t<p>NA TURNEJI!<\/p>\n\t\t            \t<\/div>\r\n\t\t            <\/div>\r\n\t\t          <\/div>\r\n\t\t        <\/a>\r\n\t\t    <\/div>\r\n\t\t<\/div>\r\n\t\t\t\t<div class=\"col-1-2 mason-item\">\r\n\t\t\t<div class=\"ih-item square effect8 scale_up \"\r\n\t\t\tstyle=\"border: px solid \">\r\n\t\t\t\t<a  href=\"http:\/\/www.ljud.si\/slo\/?page_id=9\" target=\"_blank\">\r\n\t\t          \r\n\t\t          <div class=\"img\">\r\n\t\t          \t\t\t          \t<img style=\"\" src=\"http:\/\/www.ljud.si\/slo\/wp-content\/uploads\/2016\/10\/projekti_thumbnails-INVAZIJA-slo1.jpg\" title=\"invazije\" alt=\"invazije\">\r\n\t\t          <\/div>\r\n\t\t          <div class=\"info\" style=\"\r\n\t\t\t        background-color: ; width: 100%;\">\r\n\t\t            <div style=\"display:table;width:100%;height:100%;\">\r\n\t\t            \t<div style=\"display: table-cell !important;vertical-align: middle !important;\">\r\n\t\t            \t\t\t\t            \t\t<p>NA TURNEJI!<\/p>\n\t\t            \t<\/div>\r\n\t\t            <\/div>\r\n\t\t          <\/div>\r\n\t\t        <\/a>\r\n\t\t    <\/div>\r\n\t\t<\/div>\r\n\t\t\r\n\t<\/div>\r\n\t\t<div class=\"clearfix\"><\/div>\r\n<\/div><br \/>\n<div class=\"na-prefix\">\r\n\r\n<style>\r\n\t<\/style>\r\n\t<div class=\"grid grid-pad \">\r\n\t\t\t\t \r\n\t\t\t\t<div class=\"col-1-2 mason-item\">\r\n\t\t\t<div class=\"ih-item square effect8 scale_up \"\r\n\t\t\tstyle=\"border: px solid \">\r\n\t\t\t\t<a  href=\"http:\/\/www.ljud.si\/slo\/?page_id=4404\" target=\"\">\r\n\t\t          \r\n\t\t          <div class=\"img\">\r\n\t\t          \t\t\t          \t<img style=\"\" src=\"http:\/\/www.ljud.si\/slo\/wp-content\/uploads\/2020\/11\/KAKO-JE-NASTAL-SVET-SLO.jpg\" title=\"KAOK JE NASTAL SVET\" alt=\"KAOK JE NASTAL SVET\">\r\n\t\t          <\/div>\r\n\t\t          <div class=\"info\" style=\"\r\n\t\t\t        background-color: ; width: 100%;\">\r\n\t\t            <div style=\"display:table;width:100%;height:100%;\">\r\n\t\t            \t<div style=\"display: table-cell !important;vertical-align: middle !important;\">\r\n\t\t            \t\t\t\t            \t\t<p>NA TURNEJI!<\/p>\n\t\t            \t<\/div>\r\n\t\t            <\/div>\r\n\t\t          <\/div>\r\n\t\t        <\/a>\r\n\t\t    <\/div>\r\n\t\t<\/div>\r\n\t\t\t\t<div class=\"col-1-2 mason-item\">\r\n\t\t\t<div class=\"ih-item square effect8 scale_up \"\r\n\t\t\tstyle=\"border: px solid \">\r\n\t\t\t\t<a  href=\" http:\/\/www.ljud.si\/slo\/?page_id=4356\" target=\"\">\r\n\t\t          \r\n\t\t          <div class=\"img\">\r\n\t\t          \t\t\t          \t<img style=\"\" src=\"http:\/\/www.ljud.si\/slo\/wp-content\/uploads\/2020\/10\/2020-AMBASADE.jpg\" title=\"Ambasade\" alt=\"Ambasade\">\r\n\t\t          <\/div>\r\n\t\t          <div class=\"info\" style=\"\r\n\t\t\t        background-color: ; width: 100%;\">\r\n\t\t            <div style=\"display:table;width:100%;height:100%;\">\r\n\t\t            \t<div style=\"display: table-cell !important;vertical-align: middle !important;\">\r\n\t\t            \t\t\t\t            \t\t<p>NA TURNEJI!<\/p>\n\t\t            \t<\/div>\r\n\t\t            <\/div>\r\n\t\t          <\/div>\r\n\t\t        <\/a>\r\n\t\t    <\/div>\r\n\t\t<\/div>\r\n\t\t\r\n\t<\/div>\r\n\t\t<div class=\"clearfix\"><\/div>\r\n<\/div><br \/>\n<div class=\"na-prefix\">\r\n\r\n<style>\r\n\t<\/style>\r\n\t<div class=\"grid grid-pad \">\r\n\t\t\t\t \r\n\t\t\t\t<div class=\"col-1-2 mason-item\">\r\n\t\t\t<div class=\"ih-item square effect8 scale_up \"\r\n\t\t\tstyle=\"border: px solid \">\r\n\t\t\t\t<a  href=\" http:\/\/www.ljud.si\/slo\/?page_id=3219 \" target=\"_blank\">\r\n\t\t          \r\n\t\t          <div class=\"img\">\r\n\t\t          \t\t\t          \t<img style=\"\" src=\"http:\/\/www.ljud.si\/slo\/wp-content\/uploads\/2016\/10\/projekti_thumbnails_dado-slo.jpg\" title=\"DADO\" alt=\"DADO\">\r\n\t\t          <\/div>\r\n\t\t          <div class=\"info\" style=\"\r\n\t\t\t        background-color: ; width: 100%;\">\r\n\t\t            <div style=\"display:table;width:100%;height:100%;\">\r\n\t\t            \t<div style=\"display: table-cell !important;vertical-align: middle !important;\">\r\n\t\t            \t\t\t\t            \t\t<p>NA TURNEJI<\/p>\n\t\t            \t<\/div>\r\n\t\t            <\/div>\r\n\t\t          <\/div>\r\n\t\t        <\/a>\r\n\t\t    <\/div>\r\n\t\t<\/div>\r\n\t\t\t\t<div class=\"col-1-2 mason-item\">\r\n\t\t\t<div class=\"ih-item square effect8 scale_up \"\r\n\t\t\tstyle=\"border: px solid \">\r\n\t\t\t\t<a  href=\" http:\/\/www.ljud.si\/slo\/?page_id=4262\" target=\"_blank\">\r\n\t\t          \r\n\t\t          <div class=\"img\">\r\n\t\t          \t\t\t          \t<img style=\"\" src=\"http:\/\/www.ljud.si\/slo\/wp-content\/uploads\/2019\/07\/mestne-meta-slo.jpg\" title=\"mestne metamorfoze\" alt=\"mestne metamorfoze\">\r\n\t\t          <\/div>\r\n\t\t          <div class=\"info\" style=\"\r\n\t\t\t        background-color: ; width: 100%;\">\r\n\t\t            <div style=\"display:table;width:100%;height:100%;\">\r\n\t\t            \t<div style=\"display: table-cell !important;vertical-align: middle !important;\">\r\n\t\t            \t\t\t\t            \t\t<p>NA TURNEJI!<\/p>\n\t\t            \t<\/div>\r\n\t\t            <\/div>\r\n\t\t          <\/div>\r\n\t\t        <\/a>\r\n\t\t    <\/div>\r\n\t\t<\/div>\r\n\t\t\r\n\t<\/div>\r\n\t\t<div class=\"clearfix\"><\/div>\r\n<\/div>\n<h2>Izobra\u017eevanja!<\/h2>\n<div class=\"na-prefix\">\r\n\r\n<style>\r\n\t<\/style>\r\n\t<div class=\"grid grid-pad \">\r\n\t\t\t\t \r\n\t\t\t\t<div class=\"col-1-3 mason-item\">\r\n\t\t\t<div class=\"ih-item square effect8 scale_up \"\r\n\t\t\tstyle=\"border: px solid \">\r\n\t\t\t\t<a  href=\"http:\/\/www.ljud.si\/slo\/?page_id=3269\" target=\"\">\r\n\t\t          \r\n\t\t          <div class=\"img\">\r\n\t\t          \t\t\t          \t<img style=\"\" src=\"http:\/\/www.ljud.si\/slo\/wp-content\/uploads\/2016\/10\/projekti_thumbnails_ljud-lab-slo1.jpg\" title=\"ljud lab\" alt=\"ljud lab\">\r\n\t\t          <\/div>\r\n\t\t          <div class=\"info\" style=\"\r\n\t\t\t        background-color: ; width: 100%;\">\r\n\t\t            <div style=\"display:table;width:100%;height:100%;\">\r\n\t\t            \t<div style=\"display: table-cell !important;vertical-align: middle !important;\">\r\n\t\t            \t\t\t\t            \t\t<p>DELAVNICA<\/p>\n\t\t            \t<\/div>\r\n\t\t            <\/div>\r\n\t\t          <\/div>\r\n\t\t        <\/a>\r\n\t\t    <\/div>\r\n\t\t<\/div>\r\n\t\t\t\t<div class=\"col-1-3 mason-item\">\r\n\t\t\t<div class=\"ih-item square effect8 scale_up \"\r\n\t\t\tstyle=\"border: px solid \">\r\n\t\t\t\t<a  href=\"http:\/\/www.ljud.si\/slo\/?page_id=3805\" target=\"_blank\">\r\n\t\t          \r\n\t\t          <div class=\"img\">\r\n\t\t          \t\t\t          \t<img style=\"\" src=\"http:\/\/www.ljud.si\/slo\/wp-content\/uploads\/2017\/11\/projekti_thumbnails-riote.jpg\" title=\"RIOTE\" alt=\"RIOTE\">\r\n\t\t          <\/div>\r\n\t\t          <div class=\"info\" style=\"\r\n\t\t\t        background-color: ; width: 100%;\">\r\n\t\t            <div style=\"display:table;width:100%;height:100%;\">\r\n\t\t            \t<div style=\"display: table-cell !important;vertical-align: middle !important;\">\r\n\t\t            \t\t\t\t            \t\t<p>mednarodni izobra\u017eevalni program<br \/>\n2016 &#8211; <\/p>\n\t\t            \t<\/div>\r\n\t\t            <\/div>\r\n\t\t          <\/div>\r\n\t\t        <\/a>\r\n\t\t    <\/div>\r\n\t\t<\/div>\r\n\t\t\t\t<div class=\"col-1-3 mason-item\">\r\n\t\t\t<div class=\"ih-item square effect8 scale_up \"\r\n\t\t\tstyle=\"border: px solid \">\r\n\t\t\t\t<a  href=\" http:\/\/www.ljud.si\/slo\/?page_id=3822\" target=\"\">\r\n\t\t          \r\n\t\t          <div class=\"img\">\r\n\t\t          \t\t\t          \t<img style=\"\" src=\"http:\/\/www.ljud.si\/slo\/wp-content\/uploads\/2017\/11\/projekti_thumbnailsUlGal-slo.jpg\" title=\"ul=gal\" alt=\"ul=gal\">\r\n\t\t          <\/div>\r\n\t\t          <div class=\"info\" style=\"\r\n\t\t\t        background-color: ; width: 100%;\">\r\n\t\t            <div style=\"display:table;width:100%;height:100%;\">\r\n\t\t            \t<div style=\"display: table-cell !important;vertical-align: middle !important;\">\r\n\t\t            \t\t\t\t            \t\t<p>DELAVNICA<\/p>\n\t\t            \t<\/div>\r\n\t\t            <\/div>\r\n\t\t          <\/div>\r\n\t\t        <\/a>\r\n\t\t    <\/div>\r\n\t\t<\/div>\r\n\t\t\r\n\t<\/div>\r\n\t\t<div class=\"clearfix\"><\/div>\r\n<\/div>\n<h2>Pretekli projekti<\/h2>\n<div class=\"na-prefix\">\r\n\r\n<style>\r\n\t<\/style>\r\n\t<div class=\"grid grid-pad \">\r\n\t\t\t\t \r\n\t\t\t\t<div class=\"col-1-3 mason-item\">\r\n\t\t\t<div class=\"ih-item square effect8 scale_up \"\r\n\t\t\tstyle=\"border: px solid \">\r\n\t\t\t\t<a  href=\"http:\/\/www.ljud.si\/slo\/?page_id=4145\" target=\"\">\r\n\t\t          \r\n\t\t          <div class=\"img\">\r\n\t\t          \t\t\t          \t<img style=\"\" src=\"http:\/\/www.ljud.si\/slo\/wp-content\/uploads\/2018\/10\/snooze.jpg\" title=\"snooze\" alt=\"snooze\">\r\n\t\t          <\/div>\r\n\t\t          <div class=\"info\" style=\"\r\n\t\t\t        background-color: ; width: 100%;\">\r\n\t\t            <div style=\"display:table;width:100%;height:100%;\">\r\n\t\t            \t<div style=\"display: table-cell !important;vertical-align: middle !important;\">\r\n\t\t            \t\t\t\t            \t\t<p>CELONO\u010cNI EVENT<br \/>\n2018<\/p>\n\t\t            \t<\/div>\r\n\t\t            <\/div>\r\n\t\t          <\/div>\r\n\t\t        <\/a>\r\n\t\t    <\/div>\r\n\t\t<\/div>\r\n\t\t\t\t<div class=\"col-1-3 mason-item\">\r\n\t\t\t<div class=\"ih-item square effect8 scale_up \"\r\n\t\t\tstyle=\"border: px solid \">\r\n\t\t\t\t<a  href=\"http:\/\/galerijanameji.si\/\" target=\"_blank\">\r\n\t\t          \r\n\t\t          <div class=\"img\">\r\n\t\t          \t\t\t          \t<img style=\"\" src=\"http:\/\/www.ljud.si\/slo\/wp-content\/uploads\/2018\/10\/galerija-na-meji.jpg\" title=\"GLG\" alt=\"GLG\">\r\n\t\t          <\/div>\r\n\t\t          <div class=\"info\" style=\"\r\n\t\t\t        background-color: ; width: 100%;\">\r\n\t\t            <div style=\"display:table;width:100%;height:100%;\">\r\n\t\t            \t<div style=\"display: table-cell !important;vertical-align: middle !important;\">\r\n\t\t            \t\t\t\t            \t\t<p>AVDIO RAZSTAVA \/ SPREHOD<br \/>\n2018<\/p>\n\t\t            \t<\/div>\r\n\t\t            <\/div>\r\n\t\t          <\/div>\r\n\t\t        <\/a>\r\n\t\t    <\/div>\r\n\t\t<\/div>\r\n\t\t\r\n\t<\/div>\r\n\t\t<div class=\"clearfix\"><\/div>\r\n<\/div><br \/>\n<div class=\"na-prefix\">\r\n\r\n<style>\r\n\t<\/style>\r\n\t<div class=\"grid grid-pad \">\r\n\t\t\t\t \r\n\t\t\t\t<div class=\"col-1-3 mason-item\">\r\n\t\t\t<div class=\"ih-item square effect8 scale_up \"\r\n\t\t\tstyle=\"border: px solid \">\r\n\t\t\t\t<a  href=\"http:\/\/www.ljud.si\/slo\/?page_id=3231\" target=\"\">\r\n\t\t          \r\n\t\t          <div class=\"img\">\r\n\t\t          \t\t\t          \t<img style=\"\" src=\"http:\/\/www.ljud.si\/slo\/wp-content\/uploads\/2016\/10\/projekti_thumbnails_strmo-sedlo-slo.jpg\" title=\"strmo sedlo\" alt=\"strmo sedlo\">\r\n\t\t          <\/div>\r\n\t\t          <div class=\"info\" style=\"\r\n\t\t\t        background-color: ; width: 100%;\">\r\n\t\t            <div style=\"display:table;width:100%;height:100%;\">\r\n\t\t            \t<div style=\"display: table-cell !important;vertical-align: middle !important;\">\r\n\t\t            \t\t\t\t            \t\t<p>2016<\/p>\n\t\t            \t<\/div>\r\n\t\t            <\/div>\r\n\t\t          <\/div>\r\n\t\t        <\/a>\r\n\t\t    <\/div>\r\n\t\t<\/div>\r\n\t\t\t\t<div class=\"col-1-3 mason-item\">\r\n\t\t\t<div class=\"ih-item square effect8 scale_up \"\r\n\t\t\tstyle=\"border: px solid \">\r\n\t\t\t\t<a  href=\"http:\/\/www.ljud.si\/slo\/?page_id=3336\" target=\"\">\r\n\t\t          \r\n\t\t          <div class=\"img\">\r\n\t\t          \t\t\t          \t<img style=\"\" src=\"http:\/\/www.ljud.si\/slo\/wp-content\/uploads\/2016\/10\/projekti_thumbnails-Time-lab-Bruselj.jpg\" title=\"bruselj\" alt=\"bruselj\">\r\n\t\t          <\/div>\r\n\t\t          <div class=\"info\" style=\"\r\n\t\t\t        background-color: ; width: 100%;\">\r\n\t\t            <div style=\"display:table;width:100%;height:100%;\">\r\n\t\t            \t<div style=\"display: table-cell !important;vertical-align: middle !important;\">\r\n\t\t            \t\t\t\t            \t\t<p>2015<\/p>\n\t\t            \t<\/div>\r\n\t\t            <\/div>\r\n\t\t          <\/div>\r\n\t\t        <\/a>\r\n\t\t    <\/div>\r\n\t\t<\/div>\r\n\t\t\t\t<div class=\"col-1-3 mason-item\">\r\n\t\t\t<div class=\"ih-item square effect8 scale_up \"\r\n\t\t\tstyle=\"border: px solid \">\r\n\t\t\t\t<a  href=\"http:\/\/www.ljud.si\/slo\/?page_id=3481\" target=\"\">\r\n\t\t          \r\n\t\t          <div class=\"img\">\r\n\t\t          \t\t\t          \t<img style=\"\" src=\"http:\/\/www.ljud.si\/slo\/wp-content\/uploads\/2016\/12\/POLNO\u010cNICA1.jpg\" title=\"polno\u010dnica\" alt=\"polno\u010dnica\">\r\n\t\t          <\/div>\r\n\t\t          <div class=\"info\" style=\"\r\n\t\t\t        background-color: ; width: 100%;\">\r\n\t\t            <div style=\"display:table;width:100%;height:100%;\">\r\n\t\t            \t<div style=\"display: table-cell !important;vertical-align: middle !important;\">\r\n\t\t            \t\t\t\t            \t\t<p>2016<\/p>\n\t\t            \t<\/div>\r\n\t\t            <\/div>\r\n\t\t          <\/div>\r\n\t\t        <\/a>\r\n\t\t    <\/div>\r\n\t\t<\/div>\r\n\t\t\r\n\t<\/div>\r\n\t\t<div class=\"clearfix\"><\/div>\r\n<\/div><br \/>\n<div class=\"na-prefix\">\r\n\r\n<style>\r\n\t<\/style>\r\n\t<div class=\"grid grid-pad \">\r\n\t\t\t\t \r\n\t\t\t\t<div class=\"col-1-3 mason-item\">\r\n\t\t\t<div class=\"ih-item square effect8 scale_up \"\r\n\t\t\tstyle=\"border: px solid \">\r\n\t\t\t\t<a  href=\"http:\/\/www.ljud.si\/slo\/?page_id=3842\" target=\"\">\r\n\t\t          \r\n\t\t          <div class=\"img\">\r\n\t\t          \t\t\t          \t<img style=\"\" src=\"http:\/\/www.ljud.si\/slo\/wp-content\/uploads\/2017\/11\/projekti_thumbnails-Lokalni-junak-slo.jpg\" title=\"lokalni junak\" alt=\"lokalni junak\">\r\n\t\t          <\/div>\r\n\t\t          <div class=\"info\" style=\"\r\n\t\t\t        background-color: ; width: 100%;\">\r\n\t\t            <div style=\"display:table;width:100%;height:100%;\">\r\n\t\t            \t<div style=\"display: table-cell !important;vertical-align: middle !important;\">\r\n\t\t            \t\t\t\t            \t\t<p>2015<\/p>\n\t\t            \t<\/div>\r\n\t\t            <\/div>\r\n\t\t          <\/div>\r\n\t\t        <\/a>\r\n\t\t    <\/div>\r\n\t\t<\/div>\r\n\t\t\t\t<div class=\"col-1-3 mason-item\">\r\n\t\t\t<div class=\"ih-item square effect8 scale_up \"\r\n\t\t\tstyle=\"border: px solid \">\r\n\t\t\t\t<a  href=\"http:\/\/www.ljud.si\/slo\/?page_id=3843\" target=\"\">\r\n\t\t          \r\n\t\t          <div class=\"img\">\r\n\t\t          \t\t\t          \t<img style=\"\" src=\"http:\/\/www.ljud.si\/slo\/wp-content\/uploads\/2017\/11\/projekti_thumbnails-Druga-pomo\u010d.jpg\" title=\"druga pomo\u010d\" alt=\"druga pomo\u010d\">\r\n\t\t          <\/div>\r\n\t\t          <div class=\"info\" style=\"\r\n\t\t\t        background-color: ; width: 100%;\">\r\n\t\t            <div style=\"display:table;width:100%;height:100%;\">\r\n\t\t            \t<div style=\"display: table-cell !important;vertical-align: middle !important;\">\r\n\t\t            \t\t\t\t            \t\t<p>2012<\/p>\n\t\t            \t<\/div>\r\n\t\t            <\/div>\r\n\t\t          <\/div>\r\n\t\t        <\/a>\r\n\t\t    <\/div>\r\n\t\t<\/div>\r\n\t\t\t\t<div class=\"col-1-3 mason-item\">\r\n\t\t\t<div class=\"ih-item square effect8 scale_up \"\r\n\t\t\tstyle=\"border: px solid \">\r\n\t\t\t\t<a  href=\" http:\/\/www.ljud.si\/slo\/?page_id=3452\" target=\"\">\r\n\t\t          \r\n\t\t          <div class=\"img\">\r\n\t\t          \t\t\t          \t<img style=\"\" src=\"http:\/\/www.ljud.si\/slo\/wp-content\/uploads\/2017\/11\/projekti_thumbnails-HOME.jpg\" title=\"home\" alt=\"home\">\r\n\t\t          <\/div>\r\n\t\t          <div class=\"info\" style=\"\r\n\t\t\t        background-color: ; width: 100%;\">\r\n\t\t            <div style=\"display:table;width:100%;height:100%;\">\r\n\t\t            \t<div style=\"display: table-cell !important;vertical-align: middle !important;\">\r\n\t\t            \t\t\t\t            \t\t<p>2012<\/p>\n\t\t            \t<\/div>\r\n\t\t            <\/div>\r\n\t\t          <\/div>\r\n\t\t        <\/a>\r\n\t\t    <\/div>\r\n\t\t<\/div>\r\n\t\t\r\n\t<\/div>\r\n\t\t<div class=\"clearfix\"><\/div>\r\n<\/div>\n<p><!--:--><!--:en--><\/p>\n","protected":false},"excerpt":{"rendered":"<p>\u010cisto sve\u017ee! Projekti na turnejah! Izobra\u017eevanja! Pretekli projekti<\/p>\n","protected":false},"author":3,"featured_media":0,"parent":0,"menu_order":0,"comment_status":"closed","ping_status":"closed","template":"","meta":[],"_links":{"self":[{"href":"https:\/\/www.ljud.si\/slo\/wp-json\/wp\/v2\/pages\/3470"}],"collection":[{"href":"https:\/\/www.ljud.si\/slo\/wp-json\/wp\/v2\/pages"}],"about":[{"href":"https:\/\/www.ljud.si\/slo\/wp-json\/wp\/v2\/types\/page"}],"author":[{"embeddable":true,"href":"https:\/\/www.ljud.si\/slo\/wp-json\/wp\/v2\/users\/3"}],"replies":[{"embeddable":true,"href":"https:\/\/www.ljud.si\/slo\/wp-json\/wp\/v2\/comments?post=3470"}],"version-history":[{"count":36,"href":"https:\/\/www.ljud.si\/slo\/wp-json\/wp\/v2\/pages\/3470\/revisions"}],"predecessor-version":[{"id":6111,"href":"https:\/\/www.ljud.si\/slo\/wp-json\/wp\/v2\/pages\/3470\/revisions\/6111"}],"wp:attachment":[{"href":"https:\/\/www.ljud.si\/slo\/wp-json\/wp\/v2\/media?parent=3470"}],"curies":[{"name":"wp","href":"https:\/\/api.w.org\/{rel}","templated":true}]}}