{"id":3336,"date":"2016-10-31T14:59:10","date_gmt":"2016-10-31T12:59:10","guid":{"rendered":"http:\/\/www.ljud.si\/slo\/?page_id=3336"},"modified":"2017-02-18T08:02:13","modified_gmt":"2017-02-18T07:02:13","slug":"brussels-central-station-temporary-time-laboratory","status":"publish","type":"page","link":"https:\/\/www.ljud.si\/slo\/brussels-central-station-temporary-time-laboratory\/","title":{"rendered":"<!--:sl-->Brussels central station \u201ctemporary  time laboratory\u201d<!--:--><!--:en-->Brussels central station \u201ctemporary  time laboratory\u201d<!--:--><!--:fr-->Brussels central station \u201ctemporary  time laboratory\u201d<!--:-->"},"content":{"rendered":"<p><!--:sl--><br \/>\nReziden\u010dni projekt v katerem  je avtorska skupina Ljud s pomo\u010djo fotografskih in video instalacij, ter  z interaktivnim gledali\u0161kim intervencijami raziskovala potek \u010dasa na centralni \u017eelezni\u0161ki postaji v Bruslju. <\/p>\n<p><a href=\"https:\/\/www.ljud.si\/slo\/wp-content\/uploads\/2016\/10\/Time-laboratory_by-Katarina-Zalar.jpg\"><img decoding=\"async\" loading=\"lazy\" src=\"https:\/\/www.ljud.si\/slo\/wp-content\/uploads\/2016\/10\/Time-laboratory_by-Katarina-Zalar.jpg\" alt=\"time-laboratory_by-katarina-zalar\" width=\"600\" height=\"398\" class=\"alignnone size-full wp-image-3362\" srcset=\"https:\/\/www.ljud.si\/slo\/wp-content\/uploads\/2016\/10\/Time-laboratory_by-Katarina-Zalar.jpg 4288w, https:\/\/www.ljud.si\/slo\/wp-content\/uploads\/2016\/10\/Time-laboratory_by-Katarina-Zalar-150x99.jpg 150w, https:\/\/www.ljud.si\/slo\/wp-content\/uploads\/2016\/10\/Time-laboratory_by-Katarina-Zalar-300x199.jpg 300w, https:\/\/www.ljud.si\/slo\/wp-content\/uploads\/2016\/10\/Time-laboratory_by-Katarina-Zalar-1024x680.jpg 1024w\" sizes=\"(max-width: 600px) 100vw, 600px\" \/><\/a><br \/>\n[nggallery id=38]<br \/>\nProjekt je bil razvit v okviru umetni\u0161kega festivala  <a href=\"http:\/\/www.cifas.be\/en\/workshops\/signal\/\">SIGNAL<\/a>  pod okriljem mednarodnega centra  za usposabljanje na podro\u010dju uprizoritvenih umetnosti <a href=\"http:\/\/www.cifas.be\/\">CIFAS<\/a>.<\/p>\n<p><!--:--><!--:en--><br \/>\nResidency project during which the group was researching the passing of time on Brussels central station with the use of photography, video installations and interactive theatre.   <\/p>\n<p><a href=\"https:\/\/www.ljud.si\/slo\/wp-content\/uploads\/2016\/10\/Time-laboratory_by-Katarina-Zalar.jpg\"><img decoding=\"async\" loading=\"lazy\" src=\"https:\/\/www.ljud.si\/slo\/wp-content\/uploads\/2016\/10\/Time-laboratory_by-Katarina-Zalar.jpg\" alt=\"time-laboratory_by-katarina-zalar\" width=\"600\" height=\"398\" class=\"alignnone size-full wp-image-3362\" srcset=\"https:\/\/www.ljud.si\/slo\/wp-content\/uploads\/2016\/10\/Time-laboratory_by-Katarina-Zalar.jpg 4288w, https:\/\/www.ljud.si\/slo\/wp-content\/uploads\/2016\/10\/Time-laboratory_by-Katarina-Zalar-150x99.jpg 150w, https:\/\/www.ljud.si\/slo\/wp-content\/uploads\/2016\/10\/Time-laboratory_by-Katarina-Zalar-300x199.jpg 300w, https:\/\/www.ljud.si\/slo\/wp-content\/uploads\/2016\/10\/Time-laboratory_by-Katarina-Zalar-1024x680.jpg 1024w\" sizes=\"(max-width: 600px) 100vw, 600px\" \/><\/a><br \/>\n[nggallery id=38]<\/p>\n<p>This project was developed as part of the <a href=\"http:\/\/www.cifas.be\/en\/workshops\/signal\/\">SIGNAL<\/a> festival organized by <a href=\"http:\/\/www.cifas.be\/\">CIFAS<\/a> (International Centre for Training in the Performing Arts).<\/p>\n<p><!--:--><!--:fr--><br \/>\nResidency project during which the group was researching the passing of time on Brussels central station with the use of photography, video installations and interactive theatre.   <\/p>\n<p><a href=\"https:\/\/www.ljud.si\/slo\/wp-content\/uploads\/2016\/10\/Time-laboratory_by-Katarina-Zalar.jpg\"><img decoding=\"async\" loading=\"lazy\" src=\"https:\/\/www.ljud.si\/slo\/wp-content\/uploads\/2016\/10\/Time-laboratory_by-Katarina-Zalar.jpg\" alt=\"time-laboratory_by-katarina-zalar\" width=\"600\" height=\"398\" class=\"alignnone size-full wp-image-3362\" srcset=\"https:\/\/www.ljud.si\/slo\/wp-content\/uploads\/2016\/10\/Time-laboratory_by-Katarina-Zalar.jpg 4288w, https:\/\/www.ljud.si\/slo\/wp-content\/uploads\/2016\/10\/Time-laboratory_by-Katarina-Zalar-150x99.jpg 150w, https:\/\/www.ljud.si\/slo\/wp-content\/uploads\/2016\/10\/Time-laboratory_by-Katarina-Zalar-300x199.jpg 300w, https:\/\/www.ljud.si\/slo\/wp-content\/uploads\/2016\/10\/Time-laboratory_by-Katarina-Zalar-1024x680.jpg 1024w\" sizes=\"(max-width: 600px) 100vw, 600px\" \/><\/a><br \/>\n[nggallery id=38]<\/p>\n<p>This project was developed as part of the <a href=\"http:\/\/www.cifas.be\/en\/workshops\/signal\/\">SIGNAL<\/a> festival organized by <a href=\"http:\/\/www.cifas.be\/\">CIFAS<\/a> (International Centre for Training in the Performing Arts).<br \/>\n<!--:--><\/p>\n","protected":false},"excerpt":{"rendered":"<p>Reziden\u010dni projekt v katerem je avtorska skupina Ljud s pomo\u010djo fotografskih in video instalacij, ter z&#8230;<\/p>\n","protected":false},"author":3,"featured_media":0,"parent":0,"menu_order":0,"comment_status":"closed","ping_status":"closed","template":"","meta":[],"_links":{"self":[{"href":"https:\/\/www.ljud.si\/slo\/wp-json\/wp\/v2\/pages\/3336"}],"collection":[{"href":"https:\/\/www.ljud.si\/slo\/wp-json\/wp\/v2\/pages"}],"about":[{"href":"https:\/\/www.ljud.si\/slo\/wp-json\/wp\/v2\/types\/page"}],"author":[{"embeddable":true,"href":"https:\/\/www.ljud.si\/slo\/wp-json\/wp\/v2\/users\/3"}],"replies":[{"embeddable":true,"href":"https:\/\/www.ljud.si\/slo\/wp-json\/wp\/v2\/comments?post=3336"}],"version-history":[{"count":7,"href":"https:\/\/www.ljud.si\/slo\/wp-json\/wp\/v2\/pages\/3336\/revisions"}],"predecessor-version":[{"id":3675,"href":"https:\/\/www.ljud.si\/slo\/wp-json\/wp\/v2\/pages\/3336\/revisions\/3675"}],"wp:attachment":[{"href":"https:\/\/www.ljud.si\/slo\/wp-json\/wp\/v2\/media?parent=3336"}],"curies":[{"name":"wp","href":"https:\/\/api.w.org\/{rel}","templated":true}]}}