{"id":3219,"date":"2016-10-31T00:26:34","date_gmt":"2016-10-30T22:26:34","guid":{"rendered":"http:\/\/www.ljud.si\/slo\/?page_id=3219"},"modified":"2023-10-08T16:12:54","modified_gmt":"2023-10-08T14:12:54","slug":"gusarsko-geldalisce-kapitana-dade","status":"publish","type":"page","link":"https:\/\/www.ljud.si\/slo\/gusarsko-geldalisce-kapitana-dade\/","title":{"rendered":"Gusarsko gledali\u0161\u010de kapitana Dade \/ Captain Dada&#8217;s pirate theatre!"},"content":{"rendered":"<p><!--:sl--><br \/>\n<em>&#8220;Do obzorja, \u010dez rob in do dna!&#8221;<\/em><br \/>\nKapitan Dada<\/p>\n<p><a href=\"https:\/\/www.ljud.si\/slo\/wp-content\/uploads\/2015\/12\/daDo-web.jpg\"><img decoding=\"async\" loading=\"lazy\" class=\"alignnone size-full wp-image-3057\" src=\"https:\/\/www.ljud.si\/slo\/wp-content\/uploads\/2015\/12\/daDo-web.jpg\" alt=\"daDo web\" width=\"500\" height=\"443\" srcset=\"https:\/\/www.ljud.si\/slo\/wp-content\/uploads\/2015\/12\/daDo-web.jpg 1181w, https:\/\/www.ljud.si\/slo\/wp-content\/uploads\/2015\/12\/daDo-web-150x132.jpg 150w, https:\/\/www.ljud.si\/slo\/wp-content\/uploads\/2015\/12\/daDo-web-300x265.jpg 300w, https:\/\/www.ljud.si\/slo\/wp-content\/uploads\/2015\/12\/daDo-web-1024x907.jpg 1024w\" sizes=\"(max-width: 500px) 100vw, 500px\" \/><\/a><br \/>\n[nggallery id=39]<\/p>\n<p>Kapitan Dada je brez ladje in posadke, iz spomina mu je umanjkal tudi cilj ekspedicije, nima zemljevida do zaklada, nima ne kompasa ne sekstanta, ima pa hudega ma\u010dka in morsko bolezen\u2026 pobegnila mu je la\u017eniva papiga, da o opici sploh ne govorimo\u2026 ker nima desne noge, vstaja z levo\u2026<br \/>\n<strong>Kaj predlaga cenjeno ob\u010dinstvo?<\/strong><\/p>\n<p>[youtube width=&#8221;600&#8243; height=&#8221;337&#8243;]https:\/\/www.youtube.com\/watch?v=Z3xKCzA2kLU[\/youtube]<\/p>\n<p>Interaktivna gledali\u0161ka pustolov\u0161\u010dina za dru\u017einsko publiko je inspirirana z legendami o morskih roparjih. Dva igralca z uporabo fizi\u010dne igre, absurdnega humorja in nadrealisti\u010dnih preobratov v vrtinec nepredvidljivega lova za zakladom sku\u0161ata potegniti celotno publiko.<\/p>\n<p>&nbsp;<\/p>\n<h2><a href=\"https:\/\/www.ljud.si\/slo\/wp-content\/uploads\/2017\/11\/Gusarsko-gledali\u0161\u010de-Kapitana-Dade-o-predstavi.pdf\">Podrobnosti o Gusarskem gledali\u0161\u010du kapitana Dade &#8212;&gt;<\/a><\/h2>\n<p>&nbsp;<\/p>\n<p><!--:--><!--:en--><br \/>\n<em>&#8220;To the horizon, over the edge and down to the bottom! &#8220;<\/em><br \/>\nCaptain Dada<\/p>\n<p><img decoding=\"async\" loading=\"lazy\" class=\"alignnone size-large wp-image-3598\" src=\"https:\/\/www.ljud.si\/slo\/wp-content\/uploads\/2017\/02\/PROMO-LOGO-4-_-24jan2017-1024x965.jpg\" alt=\"PROMO LOGO 4 _ 24jan2017\" width=\"500\" height=\"470\" srcset=\"https:\/\/www.ljud.si\/slo\/wp-content\/uploads\/2017\/02\/PROMO-LOGO-4-_-24jan2017-1024x965.jpg 1024w, https:\/\/www.ljud.si\/slo\/wp-content\/uploads\/2017\/02\/PROMO-LOGO-4-_-24jan2017-150x141.jpg 150w, https:\/\/www.ljud.si\/slo\/wp-content\/uploads\/2017\/02\/PROMO-LOGO-4-_-24jan2017-300x282.jpg 300w, https:\/\/www.ljud.si\/slo\/wp-content\/uploads\/2017\/02\/PROMO-LOGO-4-_-24jan2017.jpg 1890w\" sizes=\"(max-width: 500px) 100vw, 500px\" \/><br \/>\n[nggallery id=39]<\/p>\n<p>Captain Dada has no ship or crew, he forgot the purpose of his expedition, he has lost the treasure map, his compass is broken, he has a severe hangover and he is also seasick \u2026 his fake parrot has escaped, and we won\u2019t even mention the monkey\u2026<br \/>\n<strong>YES &#8230; HE WILL NEED HELP FROM THE AUDIENCE! <\/strong><\/p>\n<p>[youtube width=&#8221;600&#8243; height=&#8221;337&#8243;]https:\/\/www.youtube.com\/watch?v=foROJJ3Z1wI&amp;feature=youtube[\/youtube]<\/p>\n<p>Captain Dada\u2019s Pirate Theatre is an interactive theatre adventure for a family audience, inspired by the legends of sea robbers. Two performers will be using physical theatre, absurd humor and surreal twists to pull the audience into an unpredictably adventurous treasure hunt.<\/p>\n<h2><a href=\"https:\/\/www.ljud.si\/slo\/wp-content\/uploads\/2017\/11\/Captain-Dadas-pirate-theatre-about.pdf \">More about Captain Dadas pirate theatre &gt;&gt;<\/a><\/h2>\n<p><!--:--><!--:fr--><\/p>\n<p><img decoding=\"async\" loading=\"lazy\" class=\"alignnone size-large wp-image-3598\" src=\"https:\/\/www.ljud.si\/slo\/wp-content\/uploads\/2017\/02\/PROMO-LOGO-4-_-24jan2017-1024x965.jpg\" alt=\"PROMO LOGO 4 _ 24jan2017\" width=\"500\" height=\"470\" srcset=\"https:\/\/www.ljud.si\/slo\/wp-content\/uploads\/2017\/02\/PROMO-LOGO-4-_-24jan2017-1024x965.jpg 1024w, https:\/\/www.ljud.si\/slo\/wp-content\/uploads\/2017\/02\/PROMO-LOGO-4-_-24jan2017-150x141.jpg 150w, https:\/\/www.ljud.si\/slo\/wp-content\/uploads\/2017\/02\/PROMO-LOGO-4-_-24jan2017-300x282.jpg 300w, https:\/\/www.ljud.si\/slo\/wp-content\/uploads\/2017\/02\/PROMO-LOGO-4-_-24jan2017.jpg 1890w\" sizes=\"(max-width: 500px) 100vw, 500px\" \/><br \/>\n[nggallery id=39]<\/p>\n<p>Captain Dada\u2019s Pirate Theatre! is an interactive theater adventure for a family audience, inspired by the legends of sea robbers and the avant-garde art movements of the early 20th century. Two performers will be using physical theatre, absurd humor and surreal twists to pull the audience into a unpredictably tempestuous treasure hunt.<\/p>\n<p>[youtube width=&#8221;600&#8243; height=&#8221;337&#8243;]https:\/\/www.youtube.com\/watch?v=foROJJ3Z1wI&amp;feature=youtube[\/youtube]<\/p>\n<h2><a href=\"https:\/\/www.ljud.si\/slo\/wp-content\/uploads\/2017\/11\/Captain-Dadas-pirate-theatre-about.pdf \">More about Captain Dadas pirate theatre &gt;&gt;<\/a><\/h2>\n<p><!--:--><\/p>\n","protected":false},"excerpt":{"rendered":"<p>&#8220;Do obzorja, \u010dez rob in do dna!&#8221; Kapitan Dada [nggallery id=39] Kapitan Dada je brez ladje&#8230;<\/p>\n","protected":false},"author":3,"featured_media":0,"parent":0,"menu_order":0,"comment_status":"closed","ping_status":"closed","template":"","meta":[],"_links":{"self":[{"href":"https:\/\/www.ljud.si\/slo\/wp-json\/wp\/v2\/pages\/3219"}],"collection":[{"href":"https:\/\/www.ljud.si\/slo\/wp-json\/wp\/v2\/pages"}],"about":[{"href":"https:\/\/www.ljud.si\/slo\/wp-json\/wp\/v2\/types\/page"}],"author":[{"embeddable":true,"href":"https:\/\/www.ljud.si\/slo\/wp-json\/wp\/v2\/users\/3"}],"replies":[{"embeddable":true,"href":"https:\/\/www.ljud.si\/slo\/wp-json\/wp\/v2\/comments?post=3219"}],"version-history":[{"count":27,"href":"https:\/\/www.ljud.si\/slo\/wp-json\/wp\/v2\/pages\/3219\/revisions"}],"predecessor-version":[{"id":6205,"href":"https:\/\/www.ljud.si\/slo\/wp-json\/wp\/v2\/pages\/3219\/revisions\/6205"}],"wp:attachment":[{"href":"https:\/\/www.ljud.si\/slo\/wp-json\/wp\/v2\/media?parent=3219"}],"curies":[{"name":"wp","href":"https:\/\/api.w.org\/{rel}","templated":true}]}}