{"id":2,"date":"2009-04-23T11:38:27","date_gmt":"2009-04-23T09:38:27","guid":{"rendered":"http:\/\/www.ljud.si\/slo\/?page_id=2"},"modified":"2024-10-21T20:35:09","modified_gmt":"2024-10-21T18:35:09","slug":"about","status":"publish","type":"page","link":"https:\/\/www.ljud.si\/slo\/about\/","title":{"rendered":"O Ljudu"},"content":{"rendered":"<p><!--:sl--><em>&#8220;Mi smo kr&#8217; eni&#8230; ampak nas je ful!&#8221; <\/em><\/p>\n<p style=\"text-align: left;\"><span style=\"color: #ffffff;\"><span style=\"color: #000000;\">Sanja \u017dmavc<\/span><br \/>\n<\/span><\/p>\n<p style=\"text-align: left;\"><span style=\"color: #ffffff;\">&#8230;..<\/span><\/p>\n<p><strong>LJUD <\/strong>je skupina ustvarjalcev, ki v gledali\u0161\u010du in sorodnih medijih prepoznavajo potencialen prostor soustvarjanja in nadgradnje lastnih idej. <strong>Ustvarjalce dru\u017ei vera v \u00bb\u017eivo\u00abumetnost, ki je v neposrednem stiku z gledalcem.<\/strong><\/p>\n<p>Pri oblikovanju gledali\u0161kega dogodka se vedno znova osredoto\u010dajo na razli\u010dne oblike interakcije gledalcev z nastopajo\u010dimi in tako vzpostavljajo gledali\u0161\u010de kot igro, kot ritual, kot dogodek socialnega zdru\u017eevanja. Zanima jih <strong>delo v javnih urbanih prostorih<\/strong>, <strong>eklekti\u010dno zdru\u017eevanje \u017eanrov<\/strong>, tehnik in stilov; <strong>veliko pozornosti posve\u010dajo razmisleku o namenu in socialni ume\u0161\u010denosti svojega delovanja<\/strong>.<\/p>\n<p>Avtorsko skupino oz. <strong>kolektiv razumejo kot edinega pravega ustvarjalca gledali\u0161kega \u00bbgesamtkunstwerka\u00ab<\/strong>. V preteklosti so delovali pod okriljem razli\u010dnih dru\u0161tev inin\u0161titucij, od leta 2006 pa so se tudi formalno povezali v samostojno produkcijsko skupino KUD Ljud.<\/p>\n<p><span style=\"color: #ffffff;\">aaa<\/span><\/p>\n<p class=\"pagetitle\"><a href=\"https:\/\/www.ljud.si\/slo\/about\/ljudivsobi4\/\" rel=\"attachment wp-att-2427\"><img decoding=\"async\" loading=\"lazy\" class=\"aligncenter size-full wp-image-2427\" title=\"ljudivsobi4\" src=\"https:\/\/www.ljud.si\/slo\/wp-content\/uploads\/2009\/04\/ljudivsobi4.gif\" alt=\"\" width=\"600\" height=\"344\" srcset=\"https:\/\/www.ljud.si\/slo\/wp-content\/uploads\/2009\/04\/ljudivsobi4.gif 600w, https:\/\/www.ljud.si\/slo\/wp-content\/uploads\/2009\/04\/ljudivsobi4-150x86.gif 150w, https:\/\/www.ljud.si\/slo\/wp-content\/uploads\/2009\/04\/ljudivsobi4-300x172.gif 300w\" sizes=\"(max-width: 600px) 100vw, 600px\" \/><\/a><\/p>\n<p>Ljudi so med drugim tudi: SANJA \u017dMAVC, GREGA &#8220;ROZAMAN&#8221; MO\u010cIVNIK, VIDA CERKVENIK BREN, MLADEN BA\u0106I\u0106, NIKA GABROV\u0160EK, SEBASTIAN &#8220;\u010cOPKO&#8221; FRABOULET, KUKI, KAJA ZMAJA, ALINA FELDMAN, MAJDA DI KRIVOGRAD, PEPA, DAVID KRA\u0160EVEC, \u00a0JAKA \u017dILAVEC, SIMON LE TELLIER, ORA, KATJA GOLUH, JURIJ TORKAR, FON NA GAJDAH, MARKO UJC, JURIJ BOBI\u010c, PETRA GOSENCA, ANNA \u0160VEDINJA, KATARINA ZALAR, JAN CUNJA, THIERNO DIALLO, KATJA MEDI\u010c, MATTIAS GIMIGLIANO, ALBERTO JOSE LUCENA, VIOLETA LUPIS, NINA VOMBERGAR in \u0161e ful enih drugih.<\/p>\n","protected":false},"excerpt":{"rendered":"<p>&#8220;Mi smo kr&#8217; eni&#8230; ampak nas je ful!&#8221; Sanja \u017dmavc &#8230;.. LJUD je skupina ustvarjalcev, ki&#8230;<\/p>\n","protected":false},"author":3,"featured_media":0,"parent":0,"menu_order":0,"comment_status":"closed","ping_status":"closed","template":"","meta":[],"_links":{"self":[{"href":"https:\/\/www.ljud.si\/slo\/wp-json\/wp\/v2\/pages\/2"}],"collection":[{"href":"https:\/\/www.ljud.si\/slo\/wp-json\/wp\/v2\/pages"}],"about":[{"href":"https:\/\/www.ljud.si\/slo\/wp-json\/wp\/v2\/types\/page"}],"author":[{"embeddable":true,"href":"https:\/\/www.ljud.si\/slo\/wp-json\/wp\/v2\/users\/3"}],"replies":[{"embeddable":true,"href":"https:\/\/www.ljud.si\/slo\/wp-json\/wp\/v2\/comments?post=2"}],"version-history":[{"count":97,"href":"https:\/\/www.ljud.si\/slo\/wp-json\/wp\/v2\/pages\/2\/revisions"}],"predecessor-version":[{"id":6284,"href":"https:\/\/www.ljud.si\/slo\/wp-json\/wp\/v2\/pages\/2\/revisions\/6284"}],"wp:attachment":[{"href":"https:\/\/www.ljud.si\/slo\/wp-json\/wp\/v2\/media?parent=2"}],"curies":[{"name":"wp","href":"https:\/\/api.w.org\/{rel}","templated":true}]}}