{"id":1863,"date":"2012-02-14T14:18:34","date_gmt":"2012-02-14T12:18:34","guid":{"rendered":"http:\/\/www.ljud.si\/slo\/?page_id=1863"},"modified":"2012-02-14T14:48:22","modified_gmt":"2012-02-14T12:48:22","slug":"adrian-schvarzstein-workshop","status":"publish","type":"page","link":"https:\/\/www.ljud.si\/slo\/projekti\/videovideo\/ljud-workshops\/adrian-schvarzstein-workshop\/","title":{"rendered":"<!--:en-->Adrian Schvarzstein Workshop <!--:--><!--:sl-->Delavnice Adriana Schvarzsteina <!--:-->"},"content":{"rendered":"<p><!--:en--><\/p>\n<div>A selection of video clips from the very excellent interactive theater workshops made by the extremely excellent\u00a0and talented <a href=\"http:\/\/www.adrianschvarzstein.com\/\"> Adrian Schvarzstein<\/a> in Belgrade in 2011.<\/div>\n<div>The workshops were organized by the also excellent crew of <a href=\"http:\/\/www.myspace.com\/cirkusfera\">CIRKUSFERA<\/a>.<\/div>\n<h1><span style=\"color: #ffffff;\">.<\/span><\/h1>\n<div><object width=\"480\" height=\"360\"><param name=\"movie\" value=\"http:\/\/www.youtube.com\/v\/IPI1H673JQ0?version=3&amp;hl=en_US&amp;rel=0\" \/><param name=\"allowFullScreen\" value=\"true\" \/><param name=\"allowscriptaccess\" value=\"always\" \/><embed type=\"application\/x-shockwave-flash\" width=\"480\" height=\"360\" src=\"http:\/\/www.youtube.com\/v\/IPI1H673JQ0?version=3&amp;hl=en_US&amp;rel=0\" allowscriptaccess=\"always\" allowfullscreen=\"true\"><\/embed><\/object><\/div>\n<h1><span style=\"color: #ffffff;\">.<\/span><\/h1>\n<div><object width=\"480\" height=\"360\"><param name=\"movie\" value=\"http:\/\/www.youtube.com\/v\/XTMo8ooYhVk?version=3&amp;hl=en_US&amp;rel=0\" \/><param name=\"allowFullScreen\" value=\"true\" \/><param name=\"allowscriptaccess\" value=\"always\" \/><embed type=\"application\/x-shockwave-flash\" width=\"480\" height=\"360\" src=\"http:\/\/www.youtube.com\/v\/XTMo8ooYhVk?version=3&amp;hl=en_US&amp;rel=0\" allowscriptaccess=\"always\" allowfullscreen=\"true\"><\/embed><\/object><\/div>\n<h1><span style=\"color: #ffffff;\">.<\/span><\/h1>\n<div><object width=\"480\" height=\"360\"><param name=\"movie\" value=\"http:\/\/www.youtube.com\/v\/dT8xgwtg-Qg?version=3&amp;hl=en_US&amp;rel=0\" \/><param name=\"allowFullScreen\" value=\"true\" \/><param name=\"allowscriptaccess\" value=\"always\" \/><embed type=\"application\/x-shockwave-flash\" width=\"480\" height=\"360\" src=\"http:\/\/www.youtube.com\/v\/dT8xgwtg-Qg?version=3&amp;hl=en_US&amp;rel=0\" allowscriptaccess=\"always\" allowfullscreen=\"true\"><\/embed><\/object><\/div>\n<p><strong>BIG THANKS to Adrian for allowing us to record the workshops and share them with the enthusiastic people of Belarus! <\/strong><!--:--><!--:sl-->Izbor video posnetkov\u00a0 nadvse odli\u010dnih delavnic interaktivnega gledali\u0161\u010da, ki jih je zelo odli\u010dni in nadarjeni <a href=\"http:\/\/www.adrianschvarzstein.com\/\">Adrian Schvarzstein<\/a> izvedel v Beogradu leta 2011.<\/p>\n<h1><span style=\"color: #ffffff;\">.<\/span><\/h1>\n<div><object width=\"480\" height=\"360\"><param name=\"movie\" value=\"http:\/\/www.youtube.com\/v\/IPI1H673JQ0?version=3&amp;hl=en_US&amp;rel=0\" \/><param name=\"allowFullScreen\" value=\"true\" \/><param name=\"allowscriptaccess\" value=\"always\" \/><embed type=\"application\/x-shockwave-flash\" width=\"480\" height=\"360\" src=\"http:\/\/www.youtube.com\/v\/IPI1H673JQ0?version=3&amp;hl=en_US&amp;rel=0\" allowscriptaccess=\"always\" allowfullscreen=\"true\"><\/embed><\/object><\/div>\n<h1><span style=\"color: #ffffff;\">.<\/span><\/h1>\n<div><object width=\"480\" height=\"360\"><param name=\"movie\" value=\"http:\/\/www.youtube.com\/v\/XTMo8ooYhVk?version=3&amp;hl=en_US&amp;rel=0\" \/><param name=\"allowFullScreen\" value=\"true\" \/><param name=\"allowscriptaccess\" value=\"always\" \/><embed type=\"application\/x-shockwave-flash\" width=\"480\" height=\"360\" src=\"http:\/\/www.youtube.com\/v\/XTMo8ooYhVk?version=3&amp;hl=en_US&amp;rel=0\" allowscriptaccess=\"always\" allowfullscreen=\"true\"><\/embed><\/object><\/div>\n<h1><span style=\"color: #ffffff;\">.<\/span><\/h1>\n<div><object width=\"480\" height=\"360\"><param name=\"movie\" value=\"http:\/\/www.youtube.com\/v\/dT8xgwtg-Qg?version=3&amp;hl=en_US&amp;rel=0\" \/><param name=\"allowFullScreen\" value=\"true\" \/><param name=\"allowscriptaccess\" value=\"always\" \/><embed type=\"application\/x-shockwave-flash\" width=\"480\" height=\"360\" src=\"http:\/\/www.youtube.com\/v\/dT8xgwtg-Qg?version=3&amp;hl=en_US&amp;rel=0\" allowscriptaccess=\"always\" allowfullscreen=\"true\"><\/embed><\/object><\/div>\n<p><strong>BIG THANKS to Adrian for allowing us to record the workshops and share them with the enthusiastic people of Belarus! <\/strong><!--:--><\/p>\n","protected":false},"excerpt":{"rendered":"<p>A selection of video clips from the very excellent interactive theater workshops made by the extremely&#8230;<\/p>\n","protected":false},"author":3,"featured_media":0,"parent":1533,"menu_order":0,"comment_status":"closed","ping_status":"closed","template":"","meta":[],"_links":{"self":[{"href":"https:\/\/www.ljud.si\/slo\/wp-json\/wp\/v2\/pages\/1863"}],"collection":[{"href":"https:\/\/www.ljud.si\/slo\/wp-json\/wp\/v2\/pages"}],"about":[{"href":"https:\/\/www.ljud.si\/slo\/wp-json\/wp\/v2\/types\/page"}],"author":[{"embeddable":true,"href":"https:\/\/www.ljud.si\/slo\/wp-json\/wp\/v2\/users\/3"}],"replies":[{"embeddable":true,"href":"https:\/\/www.ljud.si\/slo\/wp-json\/wp\/v2\/comments?post=1863"}],"version-history":[{"count":20,"href":"https:\/\/www.ljud.si\/slo\/wp-json\/wp\/v2\/pages\/1863\/revisions"}],"predecessor-version":[{"id":1881,"href":"https:\/\/www.ljud.si\/slo\/wp-json\/wp\/v2\/pages\/1863\/revisions\/1881"}],"up":[{"embeddable":true,"href":"https:\/\/www.ljud.si\/slo\/wp-json\/wp\/v2\/pages\/1533"}],"wp:attachment":[{"href":"https:\/\/www.ljud.si\/slo\/wp-json\/wp\/v2\/media?parent=1863"}],"curies":[{"name":"wp","href":"https:\/\/api.w.org\/{rel}","templated":true}]}}